{"id":2247,"date":"2021-08-23T23:14:08","date_gmt":"2021-08-23T21:14:08","guid":{"rendered":"https:\/\/www.inaconrad.de\/?page_id=2247"},"modified":"2025-05-16T10:41:02","modified_gmt":"2025-05-16T08:41:02","slug":"fahrradtour-eisenach","status":"publish","type":"page","link":"https:\/\/www.inaconrad.de\/stadtfuehrung-eisenach\/fahrradtour-eisenach\/","title":{"rendered":"Fahrradtouren in Eisenach"},"content":{"rendered":"<div class=\"wpb-content-wrapper\"><p>[vc_row][vc_column width=&#8220;2\/3&#8243;][mnky_heading title=&#8220;Aktiv mit dem Rad unterwegs&#8220; heading_tag=&#8220;h4&#8243; font_size=&#8220;22px&#8220; color=&#8220;#a3100b&#8220; line_color=&#8220;#dd9933&#8243;][vc_empty_space][vc_media_grid style=&#8220;lazy&#8220; element_width=&#8220;6&#8243; item=&#8220;mediaGrid_ScaleInWithIcon&#8220; css=&#8220;.vc_custom_1629754918594{border-top-width: 1px !important;border-right-width: 1px !important;border-bottom-width: 1px !important;border-left-width: 1px !important;padding-top: 5px !important;padding-right: 5px !important;padding-bottom: 5px !important;padding-left: 5px !important;border-left-color: #e2b393 !important;border-left-style: solid !important;border-right-color: #e2b393 !important;border-right-style: solid !important;border-top-color: #e2b393 !important;border-top-style: solid !important;border-bottom-color: #e2b393 !important;border-bottom-style: solid !important;}&#8220; grid_id=&#8220;vc_gid:1732273304823-fe53a9c3-5ce7-2&#8243; include=&#8220;2257,2256&#8243;][vc_empty_space][vc_empty_space][vc_column_text css=&#8220;&#8220;]<\/p>\n<p style=\"text-align: center;\"><strong>In der Stadt <\/strong><\/p>\n<p style=\"text-align: center;\">Wenn Sie m\u00f6chten, kann ich selbstverst\u00e4ndlich die von Ihnen gew\u00fcnschte Stadtf\u00fchrung<br \/>\n(au\u00dfer Kost\u00fcmf\u00fchrungen) auch mit dem Fahrrad anbieten.<br \/>\nDer Vorteil einer Rad &#8211; Stadtf\u00fchrung ist das Aufsuchen weiter gelegener Orte, die man zu Fu\u00df innerhalb einer \u201enormalen\u201c Altstadtf\u00fchrung nicht erreicht.<\/p>\n<p style=\"text-align: center;\">(z.Bsp. ehemaliger Automobilstandort, kleine Rundfahrt zum Villenviertel, Blick zum Reuter Wagner Museum )<\/p>\n<p style=\"text-align: center;\"><em>\u00a0<\/em><\/p>\n<p>[\/vc_column_text][vc_separator color=&#8220;custom&#8220; accent_color=&#8220;#a3100b&#8220;][\/vc_column][vc_column width=&#8220;1\/6&#8243;][\/vc_column][vc_column width=&#8220;1\/6&#8243;][\/vc_column][\/vc_row]<\/p>\n<\/div>","protected":false},"excerpt":{"rendered":"<p>[vc_row][vc_column width=&#8220;2\/3&#8243;][mnky_heading title=&#8220;Aktiv mit dem Rad unterwegs&#8220; heading_tag=&#8220;h4&#8243; font_size=&#8220;22px&#8220; color=&#8220;#a3100b&#8220; line_color=&#8220;#dd9933&#8243;][vc_empty_space][vc_media_grid style=&#8220;lazy&#8220; element_width=&#8220;6&#8243; item=&#8220;mediaGrid_ScaleInWithIcon&#8220; css=&#8220;.vc_custom_1629754918594{border-top-width: 1px !important;border-right-width: 1px !important;border-bottom-width: 1px &hellip; <\/p>\n","protected":false},"author":1,"featured_media":0,"parent":0,"menu_order":0,"comment_status":"closed","ping_status":"closed","template":"","meta":{"footnotes":""},"class_list":["post-2247","page","type-page","status-publish","hentry"],"yoast_head":"<!-- This site is optimized with the Yoast SEO plugin v27.1.1 - https:\/\/yoast.com\/product\/yoast-seo-wordpress\/ -->\n<title>Fahrradtouren in Eisenach - Stadtf\u00fchrerin Ina Conrad<\/title>\n<meta name=\"robots\" content=\"index, follow, max-snippet:-1, max-image-preview:large, max-video-preview:-1\" \/>\n<link rel=\"canonical\" href=\"https:\/\/www.inaconrad.de\/stadtfuehrung-eisenach\/fahrradtour-eisenach\/\" \/>\n<meta property=\"og:locale\" content=\"de_DE\" \/>\n<meta property=\"og:type\" content=\"article\" \/>\n<meta property=\"og:title\" content=\"Fahrradtouren in Eisenach - Stadtf\u00fchrerin Ina Conrad\" \/>\n<meta property=\"og:description\" content=\"[vc_row][vc_column width=&#8220;2\/3&#8243;][mnky_heading title=&#8220;Aktiv mit dem Rad unterwegs&#8220; heading_tag=&#8220;h4&#8243; font_size=&#8220;22px&#8220; color=&#8220;#a3100b&#8220; line_color=&#8220;#dd9933&#8243;][vc_empty_space][vc_media_grid style=&#8220;lazy&#8220; element_width=&#8220;6&#8243; item=&#8220;mediaGrid_ScaleInWithIcon&#8220; css=&#8220;.vc_custom_1629754918594{border-top-width: 1px !important;border-right-width: 1px !important;border-bottom-width: 1px &hellip;\" \/>\n<meta property=\"og:url\" content=\"https:\/\/www.inaconrad.de\/stadtfuehrung-eisenach\/fahrradtour-eisenach\/\" \/>\n<meta property=\"og:site_name\" content=\"Stadtf\u00fchrerin Ina Conrad\" \/>\n<meta property=\"article:modified_time\" content=\"2025-05-16T08:41:02+00:00\" \/>\n<meta name=\"twitter:card\" content=\"summary_large_image\" \/>\n<meta name=\"twitter:label1\" content=\"Gesch\u00e4tzte Lesezeit\" \/>\n\t<meta name=\"twitter:data1\" content=\"1\u00a0Minute\" \/>\n<script type=\"application\/ld+json\" class=\"yoast-schema-graph\">{\"@context\":\"https:\/\/schema.org\",\"@graph\":[{\"@type\":\"WebPage\",\"@id\":\"https:\/\/www.inaconrad.de\/stadtfuehrung-eisenach\/fahrradtour-eisenach\/\",\"url\":\"https:\/\/www.inaconrad.de\/stadtfuehrung-eisenach\/fahrradtour-eisenach\/\",\"name\":\"Fahrradtouren in Eisenach - Stadtf\u00fchrerin Ina Conrad\",\"isPartOf\":{\"@id\":\"https:\/\/www.inaconrad.de\/stadtfuehrung-eisenach\/#website\"},\"datePublished\":\"2021-08-23T21:14:08+00:00\",\"dateModified\":\"2025-05-16T08:41:02+00:00\",\"breadcrumb\":{\"@id\":\"https:\/\/www.inaconrad.de\/stadtfuehrung-eisenach\/fahrradtour-eisenach\/#breadcrumb\"},\"inLanguage\":\"de\",\"potentialAction\":[{\"@type\":\"ReadAction\",\"target\":[\"https:\/\/www.inaconrad.de\/stadtfuehrung-eisenach\/fahrradtour-eisenach\/\"]}]},{\"@type\":\"BreadcrumbList\",\"@id\":\"https:\/\/www.inaconrad.de\/stadtfuehrung-eisenach\/fahrradtour-eisenach\/#breadcrumb\",\"itemListElement\":[{\"@type\":\"ListItem\",\"position\":1,\"name\":\"Startseite\",\"item\":\"https:\/\/www.inaconrad.de\/stadtfuehrung-eisenach\/\"},{\"@type\":\"ListItem\",\"position\":2,\"name\":\"Fahrradtouren in Eisenach\"}]},{\"@type\":\"WebSite\",\"@id\":\"https:\/\/www.inaconrad.de\/stadtfuehrung-eisenach\/#website\",\"url\":\"https:\/\/www.inaconrad.de\/stadtfuehrung-eisenach\/\",\"name\":\"Stadtf\u00fchrerin Ina Conrad\",\"description\":\"\",\"potentialAction\":[{\"@type\":\"SearchAction\",\"target\":{\"@type\":\"EntryPoint\",\"urlTemplate\":\"https:\/\/www.inaconrad.de\/stadtfuehrung-eisenach\/?s={search_term_string}\"},\"query-input\":{\"@type\":\"PropertyValueSpecification\",\"valueRequired\":true,\"valueName\":\"search_term_string\"}}],\"inLanguage\":\"de\"}]}<\/script>\n<!-- \/ Yoast SEO plugin. -->","yoast_head_json":{"title":"Fahrradtouren in Eisenach - Stadtf\u00fchrerin Ina Conrad","robots":{"index":"index","follow":"follow","max-snippet":"max-snippet:-1","max-image-preview":"max-image-preview:large","max-video-preview":"max-video-preview:-1"},"canonical":"https:\/\/www.inaconrad.de\/stadtfuehrung-eisenach\/fahrradtour-eisenach\/","og_locale":"de_DE","og_type":"article","og_title":"Fahrradtouren in Eisenach - Stadtf\u00fchrerin Ina Conrad","og_description":"[vc_row][vc_column width=&#8220;2\/3&#8243;][mnky_heading title=&#8220;Aktiv mit dem Rad unterwegs&#8220; heading_tag=&#8220;h4&#8243; font_size=&#8220;22px&#8220; color=&#8220;#a3100b&#8220; line_color=&#8220;#dd9933&#8243;][vc_empty_space][vc_media_grid style=&#8220;lazy&#8220; element_width=&#8220;6&#8243; item=&#8220;mediaGrid_ScaleInWithIcon&#8220; css=&#8220;.vc_custom_1629754918594{border-top-width: 1px !important;border-right-width: 1px !important;border-bottom-width: 1px &hellip;","og_url":"https:\/\/www.inaconrad.de\/stadtfuehrung-eisenach\/fahrradtour-eisenach\/","og_site_name":"Stadtf\u00fchrerin Ina Conrad","article_modified_time":"2025-05-16T08:41:02+00:00","twitter_card":"summary_large_image","twitter_misc":{"Gesch\u00e4tzte Lesezeit":"1\u00a0Minute"},"schema":{"@context":"https:\/\/schema.org","@graph":[{"@type":"WebPage","@id":"https:\/\/www.inaconrad.de\/stadtfuehrung-eisenach\/fahrradtour-eisenach\/","url":"https:\/\/www.inaconrad.de\/stadtfuehrung-eisenach\/fahrradtour-eisenach\/","name":"Fahrradtouren in Eisenach - Stadtf\u00fchrerin Ina Conrad","isPartOf":{"@id":"https:\/\/www.inaconrad.de\/stadtfuehrung-eisenach\/#website"},"datePublished":"2021-08-23T21:14:08+00:00","dateModified":"2025-05-16T08:41:02+00:00","breadcrumb":{"@id":"https:\/\/www.inaconrad.de\/stadtfuehrung-eisenach\/fahrradtour-eisenach\/#breadcrumb"},"inLanguage":"de","potentialAction":[{"@type":"ReadAction","target":["https:\/\/www.inaconrad.de\/stadtfuehrung-eisenach\/fahrradtour-eisenach\/"]}]},{"@type":"BreadcrumbList","@id":"https:\/\/www.inaconrad.de\/stadtfuehrung-eisenach\/fahrradtour-eisenach\/#breadcrumb","itemListElement":[{"@type":"ListItem","position":1,"name":"Startseite","item":"https:\/\/www.inaconrad.de\/stadtfuehrung-eisenach\/"},{"@type":"ListItem","position":2,"name":"Fahrradtouren in Eisenach"}]},{"@type":"WebSite","@id":"https:\/\/www.inaconrad.de\/stadtfuehrung-eisenach\/#website","url":"https:\/\/www.inaconrad.de\/stadtfuehrung-eisenach\/","name":"Stadtf\u00fchrerin Ina Conrad","description":"","potentialAction":[{"@type":"SearchAction","target":{"@type":"EntryPoint","urlTemplate":"https:\/\/www.inaconrad.de\/stadtfuehrung-eisenach\/?s={search_term_string}"},"query-input":{"@type":"PropertyValueSpecification","valueRequired":true,"valueName":"search_term_string"}}],"inLanguage":"de"}]}},"_links":{"self":[{"href":"https:\/\/www.inaconrad.de\/stadtfuehrung-eisenach\/wp-json\/wp\/v2\/pages\/2247","targetHints":{"allow":["GET"]}}],"collection":[{"href":"https:\/\/www.inaconrad.de\/stadtfuehrung-eisenach\/wp-json\/wp\/v2\/pages"}],"about":[{"href":"https:\/\/www.inaconrad.de\/stadtfuehrung-eisenach\/wp-json\/wp\/v2\/types\/page"}],"author":[{"embeddable":true,"href":"https:\/\/www.inaconrad.de\/stadtfuehrung-eisenach\/wp-json\/wp\/v2\/users\/1"}],"replies":[{"embeddable":true,"href":"https:\/\/www.inaconrad.de\/stadtfuehrung-eisenach\/wp-json\/wp\/v2\/comments?post=2247"}],"version-history":[{"count":12,"href":"https:\/\/www.inaconrad.de\/stadtfuehrung-eisenach\/wp-json\/wp\/v2\/pages\/2247\/revisions"}],"predecessor-version":[{"id":2397,"href":"https:\/\/www.inaconrad.de\/stadtfuehrung-eisenach\/wp-json\/wp\/v2\/pages\/2247\/revisions\/2397"}],"wp:attachment":[{"href":"https:\/\/www.inaconrad.de\/stadtfuehrung-eisenach\/wp-json\/wp\/v2\/media?parent=2247"}],"curies":[{"name":"wp","href":"https:\/\/api.w.org\/{rel}","templated":true}]}}