{"id":2115,"date":"2018-07-01T10:41:26","date_gmt":"2018-07-01T08:41:26","guid":{"rendered":"http:\/\/www.inaconrad.de\/?page_id=2115"},"modified":"2018-07-01T10:57:56","modified_gmt":"2018-07-01T08:57:56","slug":"agb","status":"publish","type":"page","link":"https:\/\/www.inaconrad.de\/stadtfuehrung-eisenach\/agb\/","title":{"rendered":"Die AGB&#8217;s"},"content":{"rendered":"<div class=\"wpb-content-wrapper\"><p>[vc_row][vc_column][vc_empty_space height=&#8220;13px&#8220;][vc_column_text]<\/p>\n<h4>Allgemeine Gesch\u00e4ftsbedingungen<\/h4>\n<p>von G\u00e4stef\u00fchrerin Ina Conrad &#8211; Stadtf\u00fchrung \/ Busfahrten \/ Reisebegleitung &#8211;<br \/>\nAuftraggeber ( AG ) ist der\/die BestellerIn der F\u00fchrung \/ Leistung<br \/>\nAuftragnehmer (AN ) ist Ina Conrad &#8211; Stadtf\u00fchrung<\/p>\n<ol>\n<li>\n<h4>Anmeldung und Abschluss des Vertrags<\/h4>\n<\/li>\n<\/ol>\n<p>Eine Anmeldung durch den Auftraggeber kann in fernm\u00fcndlicher, schriftlicher oder elektronischer Form erfolgen.<br \/>\nDer Vertrag kommt durch die schriftliche R\u00fcckbest\u00e4tigung (e-Mail oder Brief ) des Auftragnehmers zustande.<br \/>\nMit Zustandekommen eines Vertragsabschlusses erkennt der Auftraggeber diese Allgemeinen Gesch\u00e4ftsbedingungen an.<\/p>\n<ol start=\"2\">\n<li>\n<h4>Leistungen<\/h4>\n<\/li>\n<\/ol>\n<p>Art und Umfang der vertraglichen Leistungen werden durch die Leistungsbeschreibung in der Auftragsbest\u00e4tigung festgelegt.<br \/>\n\u00c4nderungen, Erg\u00e4nzungen werden schriftlich fixiert.<br \/>\nIst in der Best\u00e4tigung nichts anderes vereinbart, findet eine Besichtigung von Sehensw\u00fcrdigkeiten von au\u00dfen statt.<br \/>\nDer Auftragnehmer beh\u00e4lt sich ausdr\u00fccklich vor, eine \u00c4nderung der Angaben zu t\u00e4tigen, wenn es unumg\u00e4ngliche Gr\u00fcnde<br \/>\nerforderlich machen. Der Auftraggeber wird hier\u00fcber unverz\u00fcglich schriftlich oder zu Beginn der F\u00fchrung m\u00fcndlich informiert.<br \/>\nDie H\u00f6he des vereinbarten Honorars wird hiervon nicht ber\u00fchrt.<\/p>\n<p>Die angegebenen Zeitspannen der F\u00fchrungen sind ein ungef\u00e4hrer Wert, der je nach Gruppengr\u00f6\u00dfe bzw. anderen Umst\u00e4nden zu<br \/>\nAbweichungen der vorgegebenen zeitlichen Gr\u00f6\u00dfe kommen kann.<\/p>\n<p style=\"text-align: left;\">Nimmt der Auftraggeber einzelne Leistungen nach Antritt der Reise infolge vorzeitiger R\u00fcckreise oder aus anderen Gr\u00fcnden,<br \/>\ndie der Auftragnehmer nicht zu verantworten hat, nicht oder nicht in vollem Umfange wahr, so hat er keinen Anspruch auf Erstattung<br \/>\nbzw. Erm\u00e4\u00dfigung des vereinbarten Preises.<\/p>\n<ol start=\"3\">\n<li>\n<h4>Besonderheiten bei Busrundfahrten<\/h4>\n<\/li>\n<\/ol>\n<p>Bei Busrundfahrten, bei denen die Gruppe mit eigenem Bus anreist, ist vom Auftraggeber daf\u00fcr Sorge zu tragen, dass ein Sitzplatz mit<br \/>\nAnschnallm\u00f6glichkeit sowie eine funktionierende Mikrofonanlage f\u00fcr den Auftragnehmer vorhanden sind.<br \/>\nBei fehlender oder besch\u00e4digter Mikrofonanlage k\u00f6nnen w\u00e4hrend der Fahrt keine Erl\u00e4uterungen gegeben werden.<br \/>\nUnabh\u00e4ngig davon bleibt der vereinbarte Honoraranspruch bestehen.<\/p>\n<ol start=\"4\">\n<li>\n<h4>Besonderheiten bei dem Betreten von Liegenschaften Dritter<\/h4>\n<\/li>\n<\/ol>\n<p>Bei Veranstaltungen der Kirchgemeinde (Taufe, Hochzeit, \u2026) kann es vorkommen, dass eine Kirche trotz anderslautender Best\u00e4tigung<br \/>\nkurzfristig nicht besichtigt werden kann. Das \u00e4ndert nichts am vereinbarten F\u00fchrungshonorar. Ich bitte um ihr Verst\u00e4ndnis, da es sich<br \/>\num ein lebendiges Gotteshaus mit lebendiger Gemeinde handelt und nicht um ein Museum. Gleiches gilt f\u00fcr Museen, wenn aufgrund einer<br \/>\nbesonderen Nutzung durch den Eigent\u00fcmer oder durch Dritte eine F\u00fchrung nicht m\u00f6glich ist.<\/p>\n<ol start=\"5\">\n<li>\n<h4>Gruppengr\u00f6\u00dfe<\/h4>\n<\/li>\n<\/ol>\n<p>Die Teilnehmerzahl sollte aus Qualit\u00e4tsgr\u00fcnden 30 Personen nicht \u00fcberschreiten.<br \/>\nBei \u00dcberschreitung der Gruppengr\u00f6\u00dfe ist die Beauftragung eines weiteren G\u00e4stef\u00fchrers zu empfehlen.<br \/>\nF\u00fcr den Fall, dass ich einen Termin nicht pers\u00f6nlich wahrnehmen oder einen Wunsch nicht selbst erf\u00fcllen kann, habe ich einen ausgew\u00e4hlten<br \/>\nKreis erfahrener, fachkundiger und freundlicher G\u00e4stef\u00fchrerInnen oder Institutionen zur Hand, mit denen ich zusammenarbeite.<\/p>\n<ol start=\"6\">\n<li>\n<h4>R\u00fccktritt\/Stornierung des Auftraggebers vom Angebot<\/h4>\n<\/li>\n<\/ol>\n<p>Ein R\u00fccktritt des Auftraggebers f\u00fcr eine gebuchte Tour\/F\u00fchrung ist jederzeit unter den folgenden Bedingungen m\u00f6glich:<br \/>\nBei Stornierungen 3 Tage vor dem vereinbarten Termin f\u00e4llt eine Bearbeitungsgeb\u00fchr von 15 \u20ac an.<br \/>\nBei Stornierungen am Tag des vereinbartem Termines oder Nichterscheinen am Termin ist der volle vereinbarte Preis zu zahlen.<br \/>\nBei Inanspruchnahme der Leistungen Anderer gelten deren Stornierungsbedingungen.<\/p>\n<ol start=\"7\">\n<li>\n<h4>Honorar<\/h4>\n<\/li>\n<\/ol>\n<p>Das Honorar ergibt sich aus der Auftragsbest\u00e4tigung.<br \/>\nW\u00fcnscht der Auftraggeber abweichend vom regul\u00e4ren Anfangs- bzw. Endpunkt der F\u00fchrung eine Abholung oder eine<br \/>\nBeendigung der F\u00fchrung au\u00dferhalb des Eisenacher Stadtkerns werden dem Auftraggeber die zus\u00e4tzlichen Aufwendungen f\u00fcr<br \/>\nBef\u00f6rderungskosten zus\u00e4tzlich in Rechnung gestellt.<br \/>\nIn den Preisen sind 19 % Umsatzsteuer enthalten.<\/p>\n<ol start=\"8\">\n<li>\n<h4>Zahlung<\/h4>\n<\/li>\n<\/ol>\n<p>Soweit nicht anders schriftlich vereinbart, erfolgt die Bezahlung am Leistungstag direkt beim Auftragnehmer in bar in vollem<br \/>\nUmfang und in der vereinbarten W\u00e4hrung per Quittung oder per Rechnung. Soweit nicht anders vereinbart, wird das Honorar nach<br \/>\nRechnungsstellung vom Auftraggeber oder dessen Beauftragten auf das Konto von Stadtf\u00fchrung Ina Conrad \u00fcberwiesen.<br \/>\nWerden w\u00e4hrend der Leistungserbringung Zusatzleistungen mit dem Auftragnehmer ausgehandelt, sind diese sofort in bar zu bezahlen.<br \/>\nSofern der Auftragnehmer vor der Leistungserbringung von Dritten zu Zahlungen verpflichtet wird, werden diese Zahlungen vom Auftraggeber<br \/>\nin bar und vor Ort &#8211; vor der Leistungserbringung f\u00e4llig. Dies ist z. B. bei der F\u00fchrung in der Georgenkirche (1,00 \u20ac\/ Pers.f\u00fcr die Kirche ) der Fall.<\/p>\n<ol start=\"9\">\n<li>\n<h4>Eintrittsentgelte<\/h4>\n<\/li>\n<\/ol>\n<p>Anfallende Eintrittsentgelte (Bachhaus, Lutherhaus, Wartburg, Reuter-Wagner-Museum und andere Museen ) etc. sind vom Auftraggeber \u2013<br \/>\nsofern nichts anderes vereinbart \u2013 vor Ort zu zahlen.<\/p>\n<ol start=\"10\">\n<li>\n<h4>Wartezeiten<\/h4>\n<\/li>\n<\/ol>\n<p>Falls bis 30 Minuten nach dem vereinbarten Termin die Gruppe\/der Auftraggeber oder dessen Beauftragter nicht am vereinbarten Treffpunkt<br \/>\nerschienen ist und der Auftragnehmer vor Ort nicht \u00fcber eine Versp\u00e4tung informiert wurde (z.B. per Mobiltelefon), ist der\/die G\u00e4stef\u00fchrer\/in nicht<br \/>\nverpflichtet, noch l\u00e4nger zu warten. Die Zahlungspflicht des Auftraggebers bleibt davon unber\u00fchrt.<\/p>\n<p>Zum vertraglich vereinbarten Zeitpunkt beginnt die Stadtf\u00fchrung. Bei Versp\u00e4tungen der Gruppe\/des Auftraggebers verk\u00fcrzt sich diese entsprechend<br \/>\nund geht \u00fcber den vereinbarten Zeitrahmen nicht hinaus. Es sei denn, vor Ort wird im Einvernehmen eine andere Vereinbarung getroffen.<\/p>\n<ol start=\"11\">\n<li>\n<h4>Haftung<\/h4>\n<\/li>\n<\/ol>\n<p>Die Haftung bezieht sich auf die Erf\u00fcllung des vereinbarten Leistungsumfangs sowie den vereinbarten Zeitrahmen.<br \/>\nAusgeschlossen sind Leistungsst\u00f6rungen im Zusammenhang mit Leistungen, die als Fremdleistungen lediglich vermittelt werden und die im Angebot<br \/>\neiner Stadtf\u00fchrung ausdr\u00fccklich als Fremdleistungen gekennzeichnet sind.<br \/>\nBei Kooperationen mit weiteren Partnern (z.B. Restaurants, Bustransfer) gelten jeweils deren Stornierungsbedingungen<\/p>\n<ol start=\"12\">\n<li>\n<h4>Terminverschiebung bzw. Aufhebung des Vertrages durch au\u00dfergew\u00f6hnliche Umst\u00e4nde<\/h4>\n<\/li>\n<\/ol>\n<p>Wird die Leistungsdurchf\u00fchrung infolge h\u00f6herer Gewalt, die bei Vertragsabschluss nicht voraussehbar war, erheblich erschwert oder beeintr\u00e4chtigt,<br \/>\nhat sowohl Stadtfuehrungen- Ina Conrad als auch der Auftraggeber die M\u00f6glichkeit, den Termin zu verschieben oder ggf. den Vertrag aufzuheben.<br \/>\nIm Falle einer bei Vertragsabschluss nicht vorhersehbaren Verhinderung (z. B. Erkrankung der Auftragsnehmerin ) ist \u201eStadtf\u00fchrungen- Ina Conrad\u201c<br \/>\nselbstverst\u00e4ndlich verpflichtet, f\u00fcr eine entsprechende Vertretung zu sorgen.<\/p>\n<h4><em>Ina Conrad<\/em><\/h4>\n<p>[\/vc_column_text][\/vc_column][\/vc_row][vc_row][vc_column][vc_empty_space height=&#8220;43px&#8220;][\/vc_column][\/vc_row]<\/p>\n<\/div>","protected":false},"excerpt":{"rendered":"<p>[vc_row][vc_column][vc_empty_space height=&#8220;13px&#8220;][vc_column_text] Allgemeine Gesch\u00e4ftsbedingungen von G\u00e4stef\u00fchrerin Ina Conrad &#8211; Stadtf\u00fchrung \/ Busfahrten \/ Reisebegleitung &#8211; Auftraggeber ( AG ) ist &hellip; <\/p>\n","protected":false},"author":1,"featured_media":0,"parent":0,"menu_order":0,"comment_status":"closed","ping_status":"closed","template":"","meta":{"footnotes":""},"class_list":["post-2115","page","type-page","status-publish","hentry"],"yoast_head":"<!-- This site is optimized with the Yoast SEO plugin v27.1.1 - https:\/\/yoast.com\/product\/yoast-seo-wordpress\/ -->\n<title>Die AGB&#039;s - Stadtf\u00fchrerin Ina Conrad<\/title>\n<meta name=\"robots\" content=\"index, follow, max-snippet:-1, max-image-preview:large, max-video-preview:-1\" \/>\n<link rel=\"canonical\" href=\"https:\/\/www.inaconrad.de\/stadtfuehrung-eisenach\/agb\/\" \/>\n<meta property=\"og:locale\" content=\"de_DE\" \/>\n<meta property=\"og:type\" content=\"article\" \/>\n<meta property=\"og:title\" content=\"Die AGB&#039;s - Stadtf\u00fchrerin Ina Conrad\" \/>\n<meta property=\"og:description\" content=\"[vc_row][vc_column][vc_empty_space height=&#8220;13px&#8220;][vc_column_text] Allgemeine Gesch\u00e4ftsbedingungen von G\u00e4stef\u00fchrerin Ina Conrad &#8211; Stadtf\u00fchrung \/ Busfahrten \/ Reisebegleitung &#8211; Auftraggeber ( AG ) ist &hellip;\" \/>\n<meta property=\"og:url\" content=\"https:\/\/www.inaconrad.de\/stadtfuehrung-eisenach\/agb\/\" \/>\n<meta property=\"og:site_name\" content=\"Stadtf\u00fchrerin Ina Conrad\" \/>\n<meta property=\"article:modified_time\" content=\"2018-07-01T08:57:56+00:00\" \/>\n<meta name=\"twitter:card\" content=\"summary_large_image\" \/>\n<meta name=\"twitter:label1\" content=\"Gesch\u00e4tzte Lesezeit\" \/>\n\t<meta name=\"twitter:data1\" content=\"5\u00a0Minuten\" \/>\n<script type=\"application\/ld+json\" class=\"yoast-schema-graph\">{\"@context\":\"https:\/\/schema.org\",\"@graph\":[{\"@type\":\"WebPage\",\"@id\":\"https:\/\/www.inaconrad.de\/stadtfuehrung-eisenach\/agb\/\",\"url\":\"https:\/\/www.inaconrad.de\/stadtfuehrung-eisenach\/agb\/\",\"name\":\"Die AGB's - Stadtf\u00fchrerin Ina Conrad\",\"isPartOf\":{\"@id\":\"https:\/\/www.inaconrad.de\/stadtfuehrung-eisenach\/#website\"},\"datePublished\":\"2018-07-01T08:41:26+00:00\",\"dateModified\":\"2018-07-01T08:57:56+00:00\",\"breadcrumb\":{\"@id\":\"https:\/\/www.inaconrad.de\/stadtfuehrung-eisenach\/agb\/#breadcrumb\"},\"inLanguage\":\"de\",\"potentialAction\":[{\"@type\":\"ReadAction\",\"target\":[\"https:\/\/www.inaconrad.de\/stadtfuehrung-eisenach\/agb\/\"]}]},{\"@type\":\"BreadcrumbList\",\"@id\":\"https:\/\/www.inaconrad.de\/stadtfuehrung-eisenach\/agb\/#breadcrumb\",\"itemListElement\":[{\"@type\":\"ListItem\",\"position\":1,\"name\":\"Startseite\",\"item\":\"https:\/\/www.inaconrad.de\/stadtfuehrung-eisenach\/\"},{\"@type\":\"ListItem\",\"position\":2,\"name\":\"Die AGB&#8217;s\"}]},{\"@type\":\"WebSite\",\"@id\":\"https:\/\/www.inaconrad.de\/stadtfuehrung-eisenach\/#website\",\"url\":\"https:\/\/www.inaconrad.de\/stadtfuehrung-eisenach\/\",\"name\":\"Stadtf\u00fchrerin Ina Conrad\",\"description\":\"\",\"potentialAction\":[{\"@type\":\"SearchAction\",\"target\":{\"@type\":\"EntryPoint\",\"urlTemplate\":\"https:\/\/www.inaconrad.de\/stadtfuehrung-eisenach\/?s={search_term_string}\"},\"query-input\":{\"@type\":\"PropertyValueSpecification\",\"valueRequired\":true,\"valueName\":\"search_term_string\"}}],\"inLanguage\":\"de\"}]}<\/script>\n<!-- \/ Yoast SEO plugin. -->","yoast_head_json":{"title":"Die AGB's - Stadtf\u00fchrerin Ina Conrad","robots":{"index":"index","follow":"follow","max-snippet":"max-snippet:-1","max-image-preview":"max-image-preview:large","max-video-preview":"max-video-preview:-1"},"canonical":"https:\/\/www.inaconrad.de\/stadtfuehrung-eisenach\/agb\/","og_locale":"de_DE","og_type":"article","og_title":"Die AGB's - Stadtf\u00fchrerin Ina Conrad","og_description":"[vc_row][vc_column][vc_empty_space height=&#8220;13px&#8220;][vc_column_text] Allgemeine Gesch\u00e4ftsbedingungen von G\u00e4stef\u00fchrerin Ina Conrad &#8211; Stadtf\u00fchrung \/ Busfahrten \/ Reisebegleitung &#8211; Auftraggeber ( AG ) ist &hellip;","og_url":"https:\/\/www.inaconrad.de\/stadtfuehrung-eisenach\/agb\/","og_site_name":"Stadtf\u00fchrerin Ina Conrad","article_modified_time":"2018-07-01T08:57:56+00:00","twitter_card":"summary_large_image","twitter_misc":{"Gesch\u00e4tzte Lesezeit":"5\u00a0Minuten"},"schema":{"@context":"https:\/\/schema.org","@graph":[{"@type":"WebPage","@id":"https:\/\/www.inaconrad.de\/stadtfuehrung-eisenach\/agb\/","url":"https:\/\/www.inaconrad.de\/stadtfuehrung-eisenach\/agb\/","name":"Die AGB's - Stadtf\u00fchrerin Ina Conrad","isPartOf":{"@id":"https:\/\/www.inaconrad.de\/stadtfuehrung-eisenach\/#website"},"datePublished":"2018-07-01T08:41:26+00:00","dateModified":"2018-07-01T08:57:56+00:00","breadcrumb":{"@id":"https:\/\/www.inaconrad.de\/stadtfuehrung-eisenach\/agb\/#breadcrumb"},"inLanguage":"de","potentialAction":[{"@type":"ReadAction","target":["https:\/\/www.inaconrad.de\/stadtfuehrung-eisenach\/agb\/"]}]},{"@type":"BreadcrumbList","@id":"https:\/\/www.inaconrad.de\/stadtfuehrung-eisenach\/agb\/#breadcrumb","itemListElement":[{"@type":"ListItem","position":1,"name":"Startseite","item":"https:\/\/www.inaconrad.de\/stadtfuehrung-eisenach\/"},{"@type":"ListItem","position":2,"name":"Die AGB&#8217;s"}]},{"@type":"WebSite","@id":"https:\/\/www.inaconrad.de\/stadtfuehrung-eisenach\/#website","url":"https:\/\/www.inaconrad.de\/stadtfuehrung-eisenach\/","name":"Stadtf\u00fchrerin Ina Conrad","description":"","potentialAction":[{"@type":"SearchAction","target":{"@type":"EntryPoint","urlTemplate":"https:\/\/www.inaconrad.de\/stadtfuehrung-eisenach\/?s={search_term_string}"},"query-input":{"@type":"PropertyValueSpecification","valueRequired":true,"valueName":"search_term_string"}}],"inLanguage":"de"}]}},"_links":{"self":[{"href":"https:\/\/www.inaconrad.de\/stadtfuehrung-eisenach\/wp-json\/wp\/v2\/pages\/2115","targetHints":{"allow":["GET"]}}],"collection":[{"href":"https:\/\/www.inaconrad.de\/stadtfuehrung-eisenach\/wp-json\/wp\/v2\/pages"}],"about":[{"href":"https:\/\/www.inaconrad.de\/stadtfuehrung-eisenach\/wp-json\/wp\/v2\/types\/page"}],"author":[{"embeddable":true,"href":"https:\/\/www.inaconrad.de\/stadtfuehrung-eisenach\/wp-json\/wp\/v2\/users\/1"}],"replies":[{"embeddable":true,"href":"https:\/\/www.inaconrad.de\/stadtfuehrung-eisenach\/wp-json\/wp\/v2\/comments?post=2115"}],"version-history":[{"count":7,"href":"https:\/\/www.inaconrad.de\/stadtfuehrung-eisenach\/wp-json\/wp\/v2\/pages\/2115\/revisions"}],"predecessor-version":[{"id":2123,"href":"https:\/\/www.inaconrad.de\/stadtfuehrung-eisenach\/wp-json\/wp\/v2\/pages\/2115\/revisions\/2123"}],"wp:attachment":[{"href":"https:\/\/www.inaconrad.de\/stadtfuehrung-eisenach\/wp-json\/wp\/v2\/media?parent=2115"}],"curies":[{"name":"wp","href":"https:\/\/api.w.org\/{rel}","templated":true}]}}