{"id":1475,"date":"2018-03-12T09:39:04","date_gmt":"2018-03-12T08:39:04","guid":{"rendered":"http:\/\/www.inaconrad.de\/?page_id=1475"},"modified":"2025-01-01T10:48:10","modified_gmt":"2025-01-01T09:48:10","slug":"johann-sebastian-bach-in-eisenach","status":"publish","type":"page","link":"https:\/\/www.inaconrad.de\/stadtfuehrung-eisenach\/johann-sebastian-bach-in-eisenach\/","title":{"rendered":"Johann Sebastian Bach"},"content":{"rendered":"<div class=\"wpb-content-wrapper\"><p>[vc_row][vc_column width=&#8220;2\/3&#8243;][mnky_heading title=&#8220;Themenstadtf\u00fchrung : Johann Sebastian Bach in Eisenach&#8220; heading_tag=&#8220;h4&#8243; font_size=&#8220;22px&#8220; color=&#8220;#a3100b&#8220; line_color=&#8220;#dd9933&#8243;][vc_empty_space][vc_media_grid style=&#8220;lazy&#8220; item=&#8220;mediaGrid_ScaleInWithIcon&#8220; css=&#8220;.vc_custom_1735724865686{border-top-width: 1px !important;border-right-width: 1px !important;border-bottom-width: 1px !important;border-left-width: 1px !important;padding-top: 5px !important;padding-right: 5px !important;padding-bottom: 5px !important;padding-left: 5px !important;border-left-style: solid !important;border-right-style: solid !important;border-top-style: solid !important;border-bottom-style: solid !important;border-color: #e2b393 !important;}&#8220; grid_id=&#8220;vc_gid:1735724889316-da6660476fdc5ee62dedf23e14546f93-8&#8243; include=&#8220;2329,1852,2330&#8243;][vc_empty_space][vc_column_text]<\/p>\n<h4 style=\"text-align: center;\">Nicht nur f\u00fcr Bachliebhaber ist diese informative, unterhaltsame Stadtf\u00fchrung zu empfehlen .<\/h4>\n<p style=\"text-align: center;\">Obwohl der junge Bach nur 10 Jahre in Eisenach lebte, hat die Stadt das erste Museum der Welt<br \/>\nf\u00fcr diesen au\u00dfergew\u00f6hnlichen Musiker zu bieten.<br \/>\nViele Orte erinnern an Bach, der in Eisenach am 21.3.1685 geboren ist und 2 Tage sp\u00e4ter<br \/>\nin der Georgenkirche getauft wurde.<br \/>\nEhrfurchtsvoll kann der originale Taufstein bewundert werden und \u00fcber 132 Jahre<br \/>\nhaben \u201e Bache\u201c auf der Orgelbank von St. Georg gesessen.<br \/>\nWir werfen einen Blick auf seine damalige Latein-Schule, auf den Alten Friedhof<br \/>\nund vieles mehr\u2026\u2026[\/vc_column_text][vc_empty_space][vc_separator color=&#8220;custom&#8220; style=&#8220;shadow&#8220; accent_color=&#8220;#a3100b&#8220;][vc_column_text]<\/p>\n<p style=\"text-align: center;\">1,5 &#8211; 2 Std. \u2013 100,00 \u20ac\u00a0 \/ Gruppe bis ca. 30 Pers.<\/p>\n<p style=\"text-align: center;\">Bei h\u00f6herer Personenanzahl m\u00f6chte ich Ihnen aus Qualit\u00e4tsgr\u00fcnden empfehlen, dass ich Ihnen eine weitere gut ausgebildete, charmante Stadtf\u00fchrerin \/ Stadtf\u00fchrer buche.<\/p>\n<p style=\"text-align: center;\">Zus\u00e4tzlich kann eine Begleitung durch das Bachhaus mit Musikvortrag angeboten werden<br \/>\nVerl\u00e4ngerungsstunde &#8211; 30,00 \u20ac\/ Std. , zus\u00e4tzl. Museumseintritt.[\/vc_column_text][vc_btn title=&#8220;Anfrage f\u00fcr eine F\u00fchrung.&#8220; style=&#8220;outline-custom&#8220; outline_custom_color=&#8220;#a3100b&#8220; outline_custom_hover_background=&#8220;#666666&#8243; outline_custom_hover_text=&#8220;#ffffff&#8220; shape=&#8220;round&#8220; size=&#8220;lg&#8220; align=&#8220;center&#8220; i_type=&#8220;entypo&#8220; i_icon_entypo=&#8220;entypo-icon entypo-icon-mail&#8220; add_icon=&#8220;true&#8220; link=&#8220;url:mailto%3Aeisenach%40inaconrad.de%3Fsubject%3DJohann%20Sebastian%20Bach%20in%20Eisenach|||&#8220;][\/vc_column][vc_column width=&#8220;1\/6&#8243;][\/vc_column][vc_column width=&#8220;1\/6&#8243;][vc_masonry_media_grid element_width=&#8220;12&#8243; css=&#8220;.vc_custom_1526278227782{border-top-width: 1px !important;border-right-width: 1px !important;border-bottom-width: 1px !important;border-left-width: 1px !important;padding-top: 10px !important;padding-right: 10px !important;padding-bottom: 10px !important;padding-left: 10px !important;border-left-color: #e2b393 !important;border-left-style: solid !important;border-right-color: #e2b393 !important;border-right-style: solid !important;border-top-color: #e2b393 !important;border-top-style: solid !important;border-bottom-color: #e2b393 !important;border-bottom-style: solid !important;}&#8220; grid_id=&#8220;vc_gid:1735724889353-ed5f6bb6c8978ab34ece5a8ce6c465d9-3&#8243; include=&#8220;1645,1646,1647,1648,1624&#8243;][\/vc_column][\/vc_row]<\/p>\n<\/div>","protected":false},"excerpt":{"rendered":"<p>[vc_row][vc_column width=&#8220;2\/3&#8243;][mnky_heading title=&#8220;Themenstadtf\u00fchrung : Johann Sebastian Bach in Eisenach&#8220; heading_tag=&#8220;h4&#8243; font_size=&#8220;22px&#8220; color=&#8220;#a3100b&#8220; line_color=&#8220;#dd9933&#8243;][vc_empty_space][vc_media_grid style=&#8220;lazy&#8220; item=&#8220;mediaGrid_ScaleInWithIcon&#8220; css=&#8220;.vc_custom_1735724865686{border-top-width: 1px !important;border-right-width: 1px !important;border-bottom-width: &hellip; <\/p>\n","protected":false},"author":1,"featured_media":0,"parent":0,"menu_order":0,"comment_status":"closed","ping_status":"closed","template":"","meta":{"footnotes":""},"class_list":["post-1475","page","type-page","status-publish","hentry"],"yoast_head":"<!-- This site is optimized with the Yoast SEO plugin v27.1.1 - https:\/\/yoast.com\/product\/yoast-seo-wordpress\/ -->\n<title>Johann Sebastian Bach - Stadtf\u00fchrerin Ina Conrad<\/title>\n<meta name=\"robots\" content=\"index, follow, max-snippet:-1, max-image-preview:large, max-video-preview:-1\" \/>\n<link rel=\"canonical\" href=\"https:\/\/www.inaconrad.de\/stadtfuehrung-eisenach\/johann-sebastian-bach-in-eisenach\/\" \/>\n<meta property=\"og:locale\" content=\"de_DE\" \/>\n<meta property=\"og:type\" content=\"article\" \/>\n<meta property=\"og:title\" content=\"Johann Sebastian Bach - Stadtf\u00fchrerin Ina Conrad\" \/>\n<meta property=\"og:description\" content=\"[vc_row][vc_column width=&#8220;2\/3&#8243;][mnky_heading title=&#8220;Themenstadtf\u00fchrung : Johann Sebastian Bach in Eisenach&#8220; heading_tag=&#8220;h4&#8243; font_size=&#8220;22px&#8220; color=&#8220;#a3100b&#8220; line_color=&#8220;#dd9933&#8243;][vc_empty_space][vc_media_grid style=&#8220;lazy&#8220; item=&#8220;mediaGrid_ScaleInWithIcon&#8220; css=&#8220;.vc_custom_1735724865686{border-top-width: 1px !important;border-right-width: 1px !important;border-bottom-width: &hellip;\" \/>\n<meta property=\"og:url\" content=\"https:\/\/www.inaconrad.de\/stadtfuehrung-eisenach\/johann-sebastian-bach-in-eisenach\/\" \/>\n<meta property=\"og:site_name\" content=\"Stadtf\u00fchrerin Ina Conrad\" \/>\n<meta property=\"article:modified_time\" content=\"2025-01-01T09:48:10+00:00\" \/>\n<meta name=\"twitter:card\" content=\"summary_large_image\" \/>\n<meta name=\"twitter:label1\" content=\"Gesch\u00e4tzte Lesezeit\" \/>\n\t<meta name=\"twitter:data1\" content=\"2\u00a0Minuten\" \/>\n<script type=\"application\/ld+json\" class=\"yoast-schema-graph\">{\"@context\":\"https:\/\/schema.org\",\"@graph\":[{\"@type\":\"WebPage\",\"@id\":\"https:\/\/www.inaconrad.de\/stadtfuehrung-eisenach\/johann-sebastian-bach-in-eisenach\/\",\"url\":\"https:\/\/www.inaconrad.de\/stadtfuehrung-eisenach\/johann-sebastian-bach-in-eisenach\/\",\"name\":\"Johann Sebastian Bach - Stadtf\u00fchrerin Ina Conrad\",\"isPartOf\":{\"@id\":\"https:\/\/www.inaconrad.de\/stadtfuehrung-eisenach\/#website\"},\"datePublished\":\"2018-03-12T08:39:04+00:00\",\"dateModified\":\"2025-01-01T09:48:10+00:00\",\"breadcrumb\":{\"@id\":\"https:\/\/www.inaconrad.de\/stadtfuehrung-eisenach\/johann-sebastian-bach-in-eisenach\/#breadcrumb\"},\"inLanguage\":\"de\",\"potentialAction\":[{\"@type\":\"ReadAction\",\"target\":[\"https:\/\/www.inaconrad.de\/stadtfuehrung-eisenach\/johann-sebastian-bach-in-eisenach\/\"]}]},{\"@type\":\"BreadcrumbList\",\"@id\":\"https:\/\/www.inaconrad.de\/stadtfuehrung-eisenach\/johann-sebastian-bach-in-eisenach\/#breadcrumb\",\"itemListElement\":[{\"@type\":\"ListItem\",\"position\":1,\"name\":\"Startseite\",\"item\":\"https:\/\/www.inaconrad.de\/stadtfuehrung-eisenach\/\"},{\"@type\":\"ListItem\",\"position\":2,\"name\":\"Johann Sebastian Bach\"}]},{\"@type\":\"WebSite\",\"@id\":\"https:\/\/www.inaconrad.de\/stadtfuehrung-eisenach\/#website\",\"url\":\"https:\/\/www.inaconrad.de\/stadtfuehrung-eisenach\/\",\"name\":\"Stadtf\u00fchrerin Ina Conrad\",\"description\":\"\",\"potentialAction\":[{\"@type\":\"SearchAction\",\"target\":{\"@type\":\"EntryPoint\",\"urlTemplate\":\"https:\/\/www.inaconrad.de\/stadtfuehrung-eisenach\/?s={search_term_string}\"},\"query-input\":{\"@type\":\"PropertyValueSpecification\",\"valueRequired\":true,\"valueName\":\"search_term_string\"}}],\"inLanguage\":\"de\"}]}<\/script>\n<!-- \/ Yoast SEO plugin. -->","yoast_head_json":{"title":"Johann Sebastian Bach - Stadtf\u00fchrerin Ina Conrad","robots":{"index":"index","follow":"follow","max-snippet":"max-snippet:-1","max-image-preview":"max-image-preview:large","max-video-preview":"max-video-preview:-1"},"canonical":"https:\/\/www.inaconrad.de\/stadtfuehrung-eisenach\/johann-sebastian-bach-in-eisenach\/","og_locale":"de_DE","og_type":"article","og_title":"Johann Sebastian Bach - Stadtf\u00fchrerin Ina Conrad","og_description":"[vc_row][vc_column width=&#8220;2\/3&#8243;][mnky_heading title=&#8220;Themenstadtf\u00fchrung : Johann Sebastian Bach in Eisenach&#8220; heading_tag=&#8220;h4&#8243; font_size=&#8220;22px&#8220; color=&#8220;#a3100b&#8220; line_color=&#8220;#dd9933&#8243;][vc_empty_space][vc_media_grid style=&#8220;lazy&#8220; item=&#8220;mediaGrid_ScaleInWithIcon&#8220; css=&#8220;.vc_custom_1735724865686{border-top-width: 1px !important;border-right-width: 1px !important;border-bottom-width: &hellip;","og_url":"https:\/\/www.inaconrad.de\/stadtfuehrung-eisenach\/johann-sebastian-bach-in-eisenach\/","og_site_name":"Stadtf\u00fchrerin Ina Conrad","article_modified_time":"2025-01-01T09:48:10+00:00","twitter_card":"summary_large_image","twitter_misc":{"Gesch\u00e4tzte Lesezeit":"2\u00a0Minuten"},"schema":{"@context":"https:\/\/schema.org","@graph":[{"@type":"WebPage","@id":"https:\/\/www.inaconrad.de\/stadtfuehrung-eisenach\/johann-sebastian-bach-in-eisenach\/","url":"https:\/\/www.inaconrad.de\/stadtfuehrung-eisenach\/johann-sebastian-bach-in-eisenach\/","name":"Johann Sebastian Bach - Stadtf\u00fchrerin Ina Conrad","isPartOf":{"@id":"https:\/\/www.inaconrad.de\/stadtfuehrung-eisenach\/#website"},"datePublished":"2018-03-12T08:39:04+00:00","dateModified":"2025-01-01T09:48:10+00:00","breadcrumb":{"@id":"https:\/\/www.inaconrad.de\/stadtfuehrung-eisenach\/johann-sebastian-bach-in-eisenach\/#breadcrumb"},"inLanguage":"de","potentialAction":[{"@type":"ReadAction","target":["https:\/\/www.inaconrad.de\/stadtfuehrung-eisenach\/johann-sebastian-bach-in-eisenach\/"]}]},{"@type":"BreadcrumbList","@id":"https:\/\/www.inaconrad.de\/stadtfuehrung-eisenach\/johann-sebastian-bach-in-eisenach\/#breadcrumb","itemListElement":[{"@type":"ListItem","position":1,"name":"Startseite","item":"https:\/\/www.inaconrad.de\/stadtfuehrung-eisenach\/"},{"@type":"ListItem","position":2,"name":"Johann Sebastian Bach"}]},{"@type":"WebSite","@id":"https:\/\/www.inaconrad.de\/stadtfuehrung-eisenach\/#website","url":"https:\/\/www.inaconrad.de\/stadtfuehrung-eisenach\/","name":"Stadtf\u00fchrerin Ina Conrad","description":"","potentialAction":[{"@type":"SearchAction","target":{"@type":"EntryPoint","urlTemplate":"https:\/\/www.inaconrad.de\/stadtfuehrung-eisenach\/?s={search_term_string}"},"query-input":{"@type":"PropertyValueSpecification","valueRequired":true,"valueName":"search_term_string"}}],"inLanguage":"de"}]}},"_links":{"self":[{"href":"https:\/\/www.inaconrad.de\/stadtfuehrung-eisenach\/wp-json\/wp\/v2\/pages\/1475","targetHints":{"allow":["GET"]}}],"collection":[{"href":"https:\/\/www.inaconrad.de\/stadtfuehrung-eisenach\/wp-json\/wp\/v2\/pages"}],"about":[{"href":"https:\/\/www.inaconrad.de\/stadtfuehrung-eisenach\/wp-json\/wp\/v2\/types\/page"}],"author":[{"embeddable":true,"href":"https:\/\/www.inaconrad.de\/stadtfuehrung-eisenach\/wp-json\/wp\/v2\/users\/1"}],"replies":[{"embeddable":true,"href":"https:\/\/www.inaconrad.de\/stadtfuehrung-eisenach\/wp-json\/wp\/v2\/comments?post=1475"}],"version-history":[{"count":19,"href":"https:\/\/www.inaconrad.de\/stadtfuehrung-eisenach\/wp-json\/wp\/v2\/pages\/1475\/revisions"}],"predecessor-version":[{"id":2333,"href":"https:\/\/www.inaconrad.de\/stadtfuehrung-eisenach\/wp-json\/wp\/v2\/pages\/1475\/revisions\/2333"}],"wp:attachment":[{"href":"https:\/\/www.inaconrad.de\/stadtfuehrung-eisenach\/wp-json\/wp\/v2\/media?parent=1475"}],"curies":[{"name":"wp","href":"https:\/\/api.w.org\/{rel}","templated":true}]}}