{"id":146,"date":"2017-03-19T17:39:15","date_gmt":"2017-03-19T17:39:15","guid":{"rendered":"https:\/\/mnkythemes.com\/upscale\/?page_id=146"},"modified":"2021-08-23T22:38:10","modified_gmt":"2021-08-23T20:38:10","slug":"kontakt","status":"publish","type":"page","link":"https:\/\/www.inaconrad.de\/stadtfuehrung-eisenach\/kontakt\/","title":{"rendered":"Kontakt"},"content":{"rendered":"<div class=\"wpb-content-wrapper\"><p>[vc_row][vc_column][vc_empty_space height=&#8220;13px&#8220;][\/vc_column][\/vc_row][vc_row][vc_column width=&#8220;1\/2&#8243; offset=&#8220;vc_col-md-6&#8243;][vc_column_text]<\/p>\n<h2 style=\"text-align: center;\">Ina Conrad &#8211; G\u00e4stef\u00fchrerin<\/h2>\n<p style=\"text-align: center;\">Zertifizierte G\u00e4stef\u00fchrerin (nach DIN EN 15565)<br \/>\nim Bundesverband der G\u00e4stef\u00fchrer in Deutschland e.V.<\/p>\n<hr \/>\n<p style=\"text-align: center;\">Gepr\u00fcfter Lutherfinder der EEBT<\/p>\n<p>[\/vc_column_text][vc_column_text]<\/p>\n<hr \/>\n<p>[\/vc_column_text][vc_row_inner][vc_column_inner width=&#8220;1\/2&#8243; css=&#8220;.vc_custom_1490367350912{padding: 30px !important;}&#8220;][mnky_service icon_type=&#8220;linecons&#8220; title=&#8220;Telefon&#8220; position=&#8220;sb_center&#8220; css_animation=&#8220;flipInY&#8220; icon_linecons=&#8220;vc_li vc_li-bubble&#8220;]036925 \/ 90884<br \/>\nMobil: 0171 2341846[\/mnky_service][\/vc_column_inner][vc_column_inner width=&#8220;1\/2&#8243; css=&#8220;.vc_custom_1490367358275{padding: 30px !important;}&#8220;][mnky_service icon_type=&#8220;linecons&#8220; title=&#8220;E-Mail&#8220; position=&#8220;sb_center&#8220; css_animation=&#8220;flipInY&#8220; css_animation_delay=&#8220;delay-100&#8243; icon_linecons=&#8220;vc_li vc_li-mail&#8220; link=&#8220;url:mailto%3Aeisenach%40inaconrad.de|||&#8220;]eisenach@inaconrad.de[\/mnky_service][\/vc_column_inner][\/vc_row_inner][vc_row_inner][vc_column_inner width=&#8220;1\/2&#8243; css=&#8220;.vc_custom_1490367350912{padding: 30px !important;}&#8220;][mnky_service icon_type=&#8220;linecons&#8220; title=&#8220;Anschrift&#8220; position=&#8220;sb_center&#8220; css_animation=&#8220;flipInY&#8220; css_animation_delay=&#8220;delay-200&#8243; icon_linecons=&#8220;vc_li vc_li-location&#8220;]Ina Conrad<br \/>\nLindenstr.13<br \/>\n99834 Gerstungen<br \/>\nOT W.-Unkeroda<br \/>\n[\/mnky_service][\/vc_column_inner][vc_column_inner width=&#8220;1\/2&#8243; css=&#8220;.vc_custom_1490367358275{padding: 30px !important;}&#8220;][mnky_service icon_type=&#8220;linecons&#8220; title=&#8220;Webseiten&#8220; position=&#8220;sb_center&#8220; css_animation=&#8220;flipInY&#8220; css_animation_delay=&#8220;delay-300&#8243; icon_linecons=&#8220;vc_li vc_li-world&#8220;]www.inaconrad.de<br \/>\nwww.cityguide-eisenach.de[\/mnky_service][\/vc_column_inner][\/vc_row_inner][\/vc_column][vc_column width=&#8220;1\/2&#8243;][vc_empty_space height=&#8220;12px&#8220;][vc_single_image image=&#8220;2069&#8243; img_size=&#8220;full&#8220; alignment=&#8220;center&#8220; style=&#8220;vc_box_outline&#8220; border_color=&#8220;sandy_brown&#8220;][\/vc_column][\/vc_row][vc_row][vc_column][vc_empty_space height=&#8220;43px&#8220;][\/vc_column][\/vc_row]<\/p>\n<\/div>","protected":false},"excerpt":{"rendered":"<p>[vc_row][vc_column][vc_empty_space height=&#8220;13px&#8220;][\/vc_column][\/vc_row][vc_row][vc_column width=&#8220;1\/2&#8243; offset=&#8220;vc_col-md-6&#8243;][vc_column_text] Ina Conrad &#8211; G\u00e4stef\u00fchrerin Zertifizierte G\u00e4stef\u00fchrerin (nach DIN EN 15565) im Bundesverband der G\u00e4stef\u00fchrer in Deutschland &hellip; <\/p>\n","protected":false},"author":1,"featured_media":0,"parent":0,"menu_order":0,"comment_status":"closed","ping_status":"closed","template":"","meta":{"footnotes":""},"class_list":["post-146","page","type-page","status-publish","hentry"],"yoast_head":"<!-- This site is optimized with the Yoast SEO plugin v27.1.1 - https:\/\/yoast.com\/product\/yoast-seo-wordpress\/ -->\n<title>Kontakt - Stadtf\u00fchrerin Ina Conrad<\/title>\n<meta name=\"robots\" content=\"index, follow, max-snippet:-1, max-image-preview:large, max-video-preview:-1\" \/>\n<link rel=\"canonical\" href=\"https:\/\/www.inaconrad.de\/stadtfuehrung-eisenach\/kontakt\/\" \/>\n<meta property=\"og:locale\" content=\"de_DE\" \/>\n<meta property=\"og:type\" content=\"article\" \/>\n<meta property=\"og:title\" content=\"Kontakt - Stadtf\u00fchrerin Ina Conrad\" \/>\n<meta property=\"og:description\" content=\"[vc_row][vc_column][vc_empty_space height=&#8220;13px&#8220;][\/vc_column][\/vc_row][vc_row][vc_column width=&#8220;1\/2&#8243; offset=&#8220;vc_col-md-6&#8243;][vc_column_text] Ina Conrad &#8211; G\u00e4stef\u00fchrerin Zertifizierte G\u00e4stef\u00fchrerin (nach DIN EN 15565) im Bundesverband der G\u00e4stef\u00fchrer in Deutschland &hellip;\" \/>\n<meta property=\"og:url\" content=\"https:\/\/www.inaconrad.de\/stadtfuehrung-eisenach\/kontakt\/\" \/>\n<meta property=\"og:site_name\" content=\"Stadtf\u00fchrerin Ina Conrad\" \/>\n<meta property=\"article:modified_time\" content=\"2021-08-23T20:38:10+00:00\" \/>\n<meta name=\"twitter:card\" content=\"summary_large_image\" \/>\n<meta name=\"twitter:label1\" content=\"Gesch\u00e4tzte Lesezeit\" \/>\n\t<meta name=\"twitter:data1\" content=\"1\u00a0Minute\" \/>\n<script type=\"application\/ld+json\" class=\"yoast-schema-graph\">{\"@context\":\"https:\/\/schema.org\",\"@graph\":[{\"@type\":\"WebPage\",\"@id\":\"https:\/\/www.inaconrad.de\/stadtfuehrung-eisenach\/kontakt\/\",\"url\":\"https:\/\/www.inaconrad.de\/stadtfuehrung-eisenach\/kontakt\/\",\"name\":\"Kontakt - Stadtf\u00fchrerin Ina Conrad\",\"isPartOf\":{\"@id\":\"https:\/\/www.inaconrad.de\/stadtfuehrung-eisenach\/#website\"},\"datePublished\":\"2017-03-19T17:39:15+00:00\",\"dateModified\":\"2021-08-23T20:38:10+00:00\",\"breadcrumb\":{\"@id\":\"https:\/\/www.inaconrad.de\/stadtfuehrung-eisenach\/kontakt\/#breadcrumb\"},\"inLanguage\":\"de\",\"potentialAction\":[{\"@type\":\"ReadAction\",\"target\":[\"https:\/\/www.inaconrad.de\/stadtfuehrung-eisenach\/kontakt\/\"]}]},{\"@type\":\"BreadcrumbList\",\"@id\":\"https:\/\/www.inaconrad.de\/stadtfuehrung-eisenach\/kontakt\/#breadcrumb\",\"itemListElement\":[{\"@type\":\"ListItem\",\"position\":1,\"name\":\"Startseite\",\"item\":\"https:\/\/www.inaconrad.de\/stadtfuehrung-eisenach\/\"},{\"@type\":\"ListItem\",\"position\":2,\"name\":\"Kontakt\"}]},{\"@type\":\"WebSite\",\"@id\":\"https:\/\/www.inaconrad.de\/stadtfuehrung-eisenach\/#website\",\"url\":\"https:\/\/www.inaconrad.de\/stadtfuehrung-eisenach\/\",\"name\":\"Stadtf\u00fchrerin Ina Conrad\",\"description\":\"\",\"potentialAction\":[{\"@type\":\"SearchAction\",\"target\":{\"@type\":\"EntryPoint\",\"urlTemplate\":\"https:\/\/www.inaconrad.de\/stadtfuehrung-eisenach\/?s={search_term_string}\"},\"query-input\":{\"@type\":\"PropertyValueSpecification\",\"valueRequired\":true,\"valueName\":\"search_term_string\"}}],\"inLanguage\":\"de\"}]}<\/script>\n<!-- \/ Yoast SEO plugin. -->","yoast_head_json":{"title":"Kontakt - Stadtf\u00fchrerin Ina Conrad","robots":{"index":"index","follow":"follow","max-snippet":"max-snippet:-1","max-image-preview":"max-image-preview:large","max-video-preview":"max-video-preview:-1"},"canonical":"https:\/\/www.inaconrad.de\/stadtfuehrung-eisenach\/kontakt\/","og_locale":"de_DE","og_type":"article","og_title":"Kontakt - Stadtf\u00fchrerin Ina Conrad","og_description":"[vc_row][vc_column][vc_empty_space height=&#8220;13px&#8220;][\/vc_column][\/vc_row][vc_row][vc_column width=&#8220;1\/2&#8243; offset=&#8220;vc_col-md-6&#8243;][vc_column_text] Ina Conrad &#8211; G\u00e4stef\u00fchrerin Zertifizierte G\u00e4stef\u00fchrerin (nach DIN EN 15565) im Bundesverband der G\u00e4stef\u00fchrer in Deutschland &hellip;","og_url":"https:\/\/www.inaconrad.de\/stadtfuehrung-eisenach\/kontakt\/","og_site_name":"Stadtf\u00fchrerin Ina Conrad","article_modified_time":"2021-08-23T20:38:10+00:00","twitter_card":"summary_large_image","twitter_misc":{"Gesch\u00e4tzte Lesezeit":"1\u00a0Minute"},"schema":{"@context":"https:\/\/schema.org","@graph":[{"@type":"WebPage","@id":"https:\/\/www.inaconrad.de\/stadtfuehrung-eisenach\/kontakt\/","url":"https:\/\/www.inaconrad.de\/stadtfuehrung-eisenach\/kontakt\/","name":"Kontakt - Stadtf\u00fchrerin Ina Conrad","isPartOf":{"@id":"https:\/\/www.inaconrad.de\/stadtfuehrung-eisenach\/#website"},"datePublished":"2017-03-19T17:39:15+00:00","dateModified":"2021-08-23T20:38:10+00:00","breadcrumb":{"@id":"https:\/\/www.inaconrad.de\/stadtfuehrung-eisenach\/kontakt\/#breadcrumb"},"inLanguage":"de","potentialAction":[{"@type":"ReadAction","target":["https:\/\/www.inaconrad.de\/stadtfuehrung-eisenach\/kontakt\/"]}]},{"@type":"BreadcrumbList","@id":"https:\/\/www.inaconrad.de\/stadtfuehrung-eisenach\/kontakt\/#breadcrumb","itemListElement":[{"@type":"ListItem","position":1,"name":"Startseite","item":"https:\/\/www.inaconrad.de\/stadtfuehrung-eisenach\/"},{"@type":"ListItem","position":2,"name":"Kontakt"}]},{"@type":"WebSite","@id":"https:\/\/www.inaconrad.de\/stadtfuehrung-eisenach\/#website","url":"https:\/\/www.inaconrad.de\/stadtfuehrung-eisenach\/","name":"Stadtf\u00fchrerin Ina Conrad","description":"","potentialAction":[{"@type":"SearchAction","target":{"@type":"EntryPoint","urlTemplate":"https:\/\/www.inaconrad.de\/stadtfuehrung-eisenach\/?s={search_term_string}"},"query-input":{"@type":"PropertyValueSpecification","valueRequired":true,"valueName":"search_term_string"}}],"inLanguage":"de"}]}},"_links":{"self":[{"href":"https:\/\/www.inaconrad.de\/stadtfuehrung-eisenach\/wp-json\/wp\/v2\/pages\/146","targetHints":{"allow":["GET"]}}],"collection":[{"href":"https:\/\/www.inaconrad.de\/stadtfuehrung-eisenach\/wp-json\/wp\/v2\/pages"}],"about":[{"href":"https:\/\/www.inaconrad.de\/stadtfuehrung-eisenach\/wp-json\/wp\/v2\/types\/page"}],"author":[{"embeddable":true,"href":"https:\/\/www.inaconrad.de\/stadtfuehrung-eisenach\/wp-json\/wp\/v2\/users\/1"}],"replies":[{"embeddable":true,"href":"https:\/\/www.inaconrad.de\/stadtfuehrung-eisenach\/wp-json\/wp\/v2\/comments?post=146"}],"version-history":[{"count":29,"href":"https:\/\/www.inaconrad.de\/stadtfuehrung-eisenach\/wp-json\/wp\/v2\/pages\/146\/revisions"}],"predecessor-version":[{"id":2240,"href":"https:\/\/www.inaconrad.de\/stadtfuehrung-eisenach\/wp-json\/wp\/v2\/pages\/146\/revisions\/2240"}],"wp:attachment":[{"href":"https:\/\/www.inaconrad.de\/stadtfuehrung-eisenach\/wp-json\/wp\/v2\/media?parent=146"}],"curies":[{"name":"wp","href":"https:\/\/api.w.org\/{rel}","templated":true}]}}