{"id":1456,"date":"2018-03-11T18:58:49","date_gmt":"2018-03-11T17:58:49","guid":{"rendered":"http:\/\/www.inaconrad.de\/?page_id=1456"},"modified":"2025-05-16T10:34:20","modified_gmt":"2025-05-16T08:34:20","slug":"kostuemfuehrung-eisenach","status":"publish","type":"page","link":"https:\/\/www.inaconrad.de\/stadtfuehrung-eisenach\/kostuemfuehrung-eisenach\/","title":{"rendered":"Kost\u00fcmf\u00fchrungen in Eisenach"},"content":{"rendered":"<div class=\"wpb-content-wrapper\"><p>[vc_row][vc_column][mnky_heading title=&#8220;Diese Kost\u00fcmf\u00fchrungen sind etwas Einmaliges.&#8220; heading_tag=&#8220;h4&#8243; font_size=&#8220;22px&#8220; line_color=&#8220;#dd9933&#8243;][vc_empty_space height=&#8220;22px&#8220;][vc_column_text]Sobald ich\u00a0ein historisches Kost\u00fcm anziehe, verk\u00f6rpere ich mit gro\u00dfer Leidenschaft diese entsprechende Person.<br \/>\nAls Mitglied einer Laienschauspielgruppe, macht es mir immer wieder ganz besondere Freude,<br \/>\nmeine G\u00e4ste in die entsprechende Zeit \u201e mitzunehmen\u201c.<\/p>\n<p>Lassen Sie sich darauf ein, von mir in die Vergangenheit entf\u00fchrt zu werden.[\/vc_column_text][\/vc_column][\/vc_row][vc_row][vc_column width=&#8220;1\/3&#8243;][vc_column_text css=&#8220;&#8220;]<\/p>\n<h3 style=\"text-align: center;\">Magd Johanna<\/h3>\n<p>[\/vc_column_text][vc_single_image image=&#8220;1874&#8243; img_size=&#8220;large&#8220; css=&#8220;.vc_custom_1530643903363{border-top-width: 1px !important;border-right-width: 1px !important;border-bottom-width: 1px !important;border-left-width: 1px !important;padding-top: 5px !important;padding-right: 5px !important;padding-bottom: 5px !important;padding-left: 5px !important;border-left-color: #e2b393 !important;border-left-style: solid !important;border-right-color: #e2b393 !important;border-right-style: solid !important;border-top-color: #e2b393 !important;border-top-style: solid !important;border-bottom-color: #e2b393 !important;border-bottom-style: solid !important;}&#8220;][vc_column_text css=&#8220;&#8220;]<\/p>\n<p style=\"text-align: left;\">Das geschw\u00e4tzig und gar freche Weib Johanna, Magd im ehrenwerte Hause Cotta, erz\u00e4hlet gar manches Geschichtlein &#8230;.<\/p>\n<p>[\/vc_column_text][vc_btn title=&#8220;weiterlesen&#8230;&#8220; style=&#8220;outline-custom&#8220; outline_custom_color=&#8220;#a3100b&#8220; outline_custom_hover_background=&#8220;#666666&#8243; outline_custom_hover_text=&#8220;#ffffff&#8220; size=&#8220;lg&#8220; align=&#8220;center&#8220; i_icon_fontawesome=&#8220;fa fa-sign-in&#8220; add_icon=&#8220;true&#8220; link=&#8220;url:http%3A%2F%2Fwww.inaconrad.de%2Fmagd-jolanda%2F|||&#8220;][\/vc_column][vc_column width=&#8220;1\/3&#8243;][vc_column_text]<\/p>\n<h3 style=\"text-align: center;\">Emilie von Wartenberg<\/h3>\n<p>[\/vc_column_text][vc_single_image image=&#8220;2183&#8243; img_size=&#8220;large&#8220; css=&#8220;.vc_custom_1530643964971{border-top-width: 1px !important;border-right-width: 1px !important;border-bottom-width: 1px !important;border-left-width: 1px !important;padding-top: 5px !important;padding-right: 5px !important;padding-bottom: 5px !important;padding-left: 5px !important;border-left-color: #e2b393 !important;border-left-style: solid !important;border-right-color: #e2b393 !important;border-right-style: solid !important;border-top-color: #e2b393 !important;border-top-style: solid !important;border-bottom-color: #e2b393 !important;border-bottom-style: solid !important;}&#8220;][vc_column_text]<\/p>\n<p style=\"text-align: left;\">Emilie von Wartenberg, die charmante Gattin eines Advokaten und Vorstandsmitgliedes der Eisenbahngesellschaft&#8230;<\/p>\n<p>[\/vc_column_text][vc_btn title=&#8220;weiterlesen&#8230;&#8220; style=&#8220;outline-custom&#8220; outline_custom_color=&#8220;#a3100b&#8220; outline_custom_hover_background=&#8220;#666666&#8243; outline_custom_hover_text=&#8220;#ffffff&#8220; size=&#8220;lg&#8220; align=&#8220;center&#8220; i_icon_fontawesome=&#8220;fa fa-sign-in&#8220; add_icon=&#8220;true&#8220; link=&#8220;url:http%3A%2F%2Fwww.inaconrad.de%2Femilie-von-wartenberg%2F|||&#8220;][\/vc_column][vc_column width=&#8220;1\/3&#8243;][vc_column_text]<\/p>\n<h3 style=\"text-align: center;\">Luise Reuter<\/h3>\n<p>[\/vc_column_text][vc_single_image image=&#8220;2028&#8243; img_size=&#8220;large&#8220; css=&#8220;.vc_custom_1530643922582{border-top-width: 1px !important;border-right-width: 1px !important;border-bottom-width: 1px !important;border-left-width: 1px !important;padding-top: 5px !important;padding-right: 5px !important;padding-bottom: 5px !important;padding-left: 5px !important;border-left-color: #e2b393 !important;border-left-style: solid !important;border-right-color: #e2b393 !important;border-right-style: solid !important;border-top-color: #e2b393 !important;border-top-style: solid !important;border-bottom-color: #e2b393 !important;border-bottom-style: solid !important;}&#8220;][vc_column_text]<\/p>\n<p style=\"text-align: left;\">Luise Reuter, die Witwe des wohlbekannten Dichters Fritz Reuter lustwandelt mit Ihnen durch das imposante Villenviertel&#8230;<\/p>\n<p>[\/vc_column_text][vc_btn title=&#8220;weiterlesen&#8230;&#8220; style=&#8220;outline-custom&#8220; outline_custom_color=&#8220;#a3100b&#8220; outline_custom_hover_background=&#8220;#666666&#8243; outline_custom_hover_text=&#8220;#ffffff&#8220; size=&#8220;lg&#8220; align=&#8220;center&#8220; i_icon_fontawesome=&#8220;fa fa-sign-in&#8220; add_icon=&#8220;true&#8220; link=&#8220;url:http%3A%2F%2Fwww.inaconrad.de%2Fluise-reuter%2F|||&#8220;][\/vc_column][\/vc_row][vc_section][vc_row][vc_column][vc_empty_space][vc_separator color=&#8220;mulled_wine&#8220; style=&#8220;shadow&#8220;][\/vc_column][\/vc_row][vc_row][vc_column width=&#8220;1\/3&#8243;][\/vc_column][vc_column width=&#8220;1\/3&#8243;][vc_column_text css=&#8220;&#8220;]<\/p>\n<h3 style=\"text-align: center;\">Guda<\/h3>\n<p>[\/vc_column_text][vc_single_image image=&#8220;2350&#8243; img_size=&#8220;large&#8220; css=&#8220;.vc_custom_1735726642388{border-top-width: 1px !important;border-right-width: 1px !important;border-bottom-width: 1px !important;border-left-width: 1px !important;padding-top: 5px !important;padding-right: 5px !important;padding-bottom: 5px !important;padding-left: 5px !important;border-left-style: solid !important;border-right-style: solid !important;border-top-style: solid !important;border-bottom-style: solid !important;border-color: #e2b393 !important;}&#8220;][vc_column_text css=&#8220;&#8220;]Guda, die langj\u00e4hrige Vertraute der Heiligen Elisabeth kam als 5-j\u00e4hriges Kind zur damals 4-j\u00e4hrigen ungarischen K\u00f6nigstochter auf die Wartburg&#8230;[\/vc_column_text][vc_btn title=&#8220;weiterlesen&#8230;&#8220; style=&#8220;outline-custom&#8220; outline_custom_color=&#8220;#a3100b&#8220; outline_custom_hover_background=&#8220;#666666&#8243; outline_custom_hover_text=&#8220;#ffffff&#8220; size=&#8220;lg&#8220; align=&#8220;center&#8220; i_icon_fontawesome=&#8220;fas fa-sign-in-alt&#8220; css=&#8220;&#8220; add_icon=&#8220;true&#8220; link=&#8220;url:https%3A%2F%2Fwww.inaconrad.de%2Fguda%2F|title:Guda&#8220;][\/vc_column][vc_column width=&#8220;1\/3&#8243;][\/vc_column][\/vc_row][\/vc_section]<\/p>\n<\/div>","protected":false},"excerpt":{"rendered":"<p>[vc_row][vc_column][mnky_heading title=&#8220;Diese Kost\u00fcmf\u00fchrungen sind etwas Einmaliges.&#8220; heading_tag=&#8220;h4&#8243; font_size=&#8220;22px&#8220; line_color=&#8220;#dd9933&#8243;][vc_empty_space height=&#8220;22px&#8220;][vc_column_text]Sobald ich\u00a0ein historisches Kost\u00fcm anziehe, verk\u00f6rpere ich mit gro\u00dfer Leidenschaft diese &hellip; <\/p>\n","protected":false},"author":1,"featured_media":0,"parent":0,"menu_order":0,"comment_status":"closed","ping_status":"closed","template":"","meta":{"footnotes":""},"class_list":["post-1456","page","type-page","status-publish","hentry"],"yoast_head":"<!-- This site is optimized with the Yoast SEO plugin v27.1.1 - https:\/\/yoast.com\/product\/yoast-seo-wordpress\/ -->\n<title>Kost\u00fcmf\u00fchrungen in Eisenach - Stadtf\u00fchrerin Ina Conrad<\/title>\n<meta name=\"robots\" content=\"index, follow, max-snippet:-1, max-image-preview:large, max-video-preview:-1\" \/>\n<link rel=\"canonical\" href=\"https:\/\/www.inaconrad.de\/stadtfuehrung-eisenach\/kostuemfuehrung-eisenach\/\" \/>\n<meta property=\"og:locale\" content=\"de_DE\" \/>\n<meta property=\"og:type\" content=\"article\" \/>\n<meta property=\"og:title\" content=\"Kost\u00fcmf\u00fchrungen in Eisenach - Stadtf\u00fchrerin Ina Conrad\" \/>\n<meta property=\"og:description\" content=\"[vc_row][vc_column][mnky_heading title=&#8220;Diese Kost\u00fcmf\u00fchrungen sind etwas Einmaliges.&#8220; heading_tag=&#8220;h4&#8243; font_size=&#8220;22px&#8220; line_color=&#8220;#dd9933&#8243;][vc_empty_space height=&#8220;22px&#8220;][vc_column_text]Sobald ich\u00a0ein historisches Kost\u00fcm anziehe, verk\u00f6rpere ich mit gro\u00dfer Leidenschaft diese &hellip;\" \/>\n<meta property=\"og:url\" content=\"https:\/\/www.inaconrad.de\/stadtfuehrung-eisenach\/kostuemfuehrung-eisenach\/\" \/>\n<meta property=\"og:site_name\" content=\"Stadtf\u00fchrerin Ina Conrad\" \/>\n<meta property=\"article:modified_time\" content=\"2025-05-16T08:34:20+00:00\" \/>\n<meta name=\"twitter:card\" content=\"summary_large_image\" \/>\n<meta name=\"twitter:label1\" content=\"Gesch\u00e4tzte Lesezeit\" \/>\n\t<meta name=\"twitter:data1\" content=\"3\u00a0Minuten\" \/>\n<script type=\"application\/ld+json\" class=\"yoast-schema-graph\">{\"@context\":\"https:\/\/schema.org\",\"@graph\":[{\"@type\":\"WebPage\",\"@id\":\"https:\/\/www.inaconrad.de\/stadtfuehrung-eisenach\/kostuemfuehrung-eisenach\/\",\"url\":\"https:\/\/www.inaconrad.de\/stadtfuehrung-eisenach\/kostuemfuehrung-eisenach\/\",\"name\":\"Kost\u00fcmf\u00fchrungen in Eisenach - Stadtf\u00fchrerin Ina Conrad\",\"isPartOf\":{\"@id\":\"https:\/\/www.inaconrad.de\/stadtfuehrung-eisenach\/#website\"},\"datePublished\":\"2018-03-11T17:58:49+00:00\",\"dateModified\":\"2025-05-16T08:34:20+00:00\",\"breadcrumb\":{\"@id\":\"https:\/\/www.inaconrad.de\/stadtfuehrung-eisenach\/kostuemfuehrung-eisenach\/#breadcrumb\"},\"inLanguage\":\"de\",\"potentialAction\":[{\"@type\":\"ReadAction\",\"target\":[\"https:\/\/www.inaconrad.de\/stadtfuehrung-eisenach\/kostuemfuehrung-eisenach\/\"]}]},{\"@type\":\"BreadcrumbList\",\"@id\":\"https:\/\/www.inaconrad.de\/stadtfuehrung-eisenach\/kostuemfuehrung-eisenach\/#breadcrumb\",\"itemListElement\":[{\"@type\":\"ListItem\",\"position\":1,\"name\":\"Startseite\",\"item\":\"https:\/\/www.inaconrad.de\/stadtfuehrung-eisenach\/\"},{\"@type\":\"ListItem\",\"position\":2,\"name\":\"Kost\u00fcmf\u00fchrungen in Eisenach\"}]},{\"@type\":\"WebSite\",\"@id\":\"https:\/\/www.inaconrad.de\/stadtfuehrung-eisenach\/#website\",\"url\":\"https:\/\/www.inaconrad.de\/stadtfuehrung-eisenach\/\",\"name\":\"Stadtf\u00fchrerin Ina Conrad\",\"description\":\"\",\"potentialAction\":[{\"@type\":\"SearchAction\",\"target\":{\"@type\":\"EntryPoint\",\"urlTemplate\":\"https:\/\/www.inaconrad.de\/stadtfuehrung-eisenach\/?s={search_term_string}\"},\"query-input\":{\"@type\":\"PropertyValueSpecification\",\"valueRequired\":true,\"valueName\":\"search_term_string\"}}],\"inLanguage\":\"de\"}]}<\/script>\n<!-- \/ Yoast SEO plugin. -->","yoast_head_json":{"title":"Kost\u00fcmf\u00fchrungen in Eisenach - Stadtf\u00fchrerin Ina Conrad","robots":{"index":"index","follow":"follow","max-snippet":"max-snippet:-1","max-image-preview":"max-image-preview:large","max-video-preview":"max-video-preview:-1"},"canonical":"https:\/\/www.inaconrad.de\/stadtfuehrung-eisenach\/kostuemfuehrung-eisenach\/","og_locale":"de_DE","og_type":"article","og_title":"Kost\u00fcmf\u00fchrungen in Eisenach - Stadtf\u00fchrerin Ina Conrad","og_description":"[vc_row][vc_column][mnky_heading title=&#8220;Diese Kost\u00fcmf\u00fchrungen sind etwas Einmaliges.&#8220; heading_tag=&#8220;h4&#8243; font_size=&#8220;22px&#8220; line_color=&#8220;#dd9933&#8243;][vc_empty_space height=&#8220;22px&#8220;][vc_column_text]Sobald ich\u00a0ein historisches Kost\u00fcm anziehe, verk\u00f6rpere ich mit gro\u00dfer Leidenschaft diese &hellip;","og_url":"https:\/\/www.inaconrad.de\/stadtfuehrung-eisenach\/kostuemfuehrung-eisenach\/","og_site_name":"Stadtf\u00fchrerin Ina Conrad","article_modified_time":"2025-05-16T08:34:20+00:00","twitter_card":"summary_large_image","twitter_misc":{"Gesch\u00e4tzte Lesezeit":"3\u00a0Minuten"},"schema":{"@context":"https:\/\/schema.org","@graph":[{"@type":"WebPage","@id":"https:\/\/www.inaconrad.de\/stadtfuehrung-eisenach\/kostuemfuehrung-eisenach\/","url":"https:\/\/www.inaconrad.de\/stadtfuehrung-eisenach\/kostuemfuehrung-eisenach\/","name":"Kost\u00fcmf\u00fchrungen in Eisenach - Stadtf\u00fchrerin Ina Conrad","isPartOf":{"@id":"https:\/\/www.inaconrad.de\/stadtfuehrung-eisenach\/#website"},"datePublished":"2018-03-11T17:58:49+00:00","dateModified":"2025-05-16T08:34:20+00:00","breadcrumb":{"@id":"https:\/\/www.inaconrad.de\/stadtfuehrung-eisenach\/kostuemfuehrung-eisenach\/#breadcrumb"},"inLanguage":"de","potentialAction":[{"@type":"ReadAction","target":["https:\/\/www.inaconrad.de\/stadtfuehrung-eisenach\/kostuemfuehrung-eisenach\/"]}]},{"@type":"BreadcrumbList","@id":"https:\/\/www.inaconrad.de\/stadtfuehrung-eisenach\/kostuemfuehrung-eisenach\/#breadcrumb","itemListElement":[{"@type":"ListItem","position":1,"name":"Startseite","item":"https:\/\/www.inaconrad.de\/stadtfuehrung-eisenach\/"},{"@type":"ListItem","position":2,"name":"Kost\u00fcmf\u00fchrungen in Eisenach"}]},{"@type":"WebSite","@id":"https:\/\/www.inaconrad.de\/stadtfuehrung-eisenach\/#website","url":"https:\/\/www.inaconrad.de\/stadtfuehrung-eisenach\/","name":"Stadtf\u00fchrerin Ina Conrad","description":"","potentialAction":[{"@type":"SearchAction","target":{"@type":"EntryPoint","urlTemplate":"https:\/\/www.inaconrad.de\/stadtfuehrung-eisenach\/?s={search_term_string}"},"query-input":{"@type":"PropertyValueSpecification","valueRequired":true,"valueName":"search_term_string"}}],"inLanguage":"de"}]}},"_links":{"self":[{"href":"https:\/\/www.inaconrad.de\/stadtfuehrung-eisenach\/wp-json\/wp\/v2\/pages\/1456","targetHints":{"allow":["GET"]}}],"collection":[{"href":"https:\/\/www.inaconrad.de\/stadtfuehrung-eisenach\/wp-json\/wp\/v2\/pages"}],"about":[{"href":"https:\/\/www.inaconrad.de\/stadtfuehrung-eisenach\/wp-json\/wp\/v2\/types\/page"}],"author":[{"embeddable":true,"href":"https:\/\/www.inaconrad.de\/stadtfuehrung-eisenach\/wp-json\/wp\/v2\/users\/1"}],"replies":[{"embeddable":true,"href":"https:\/\/www.inaconrad.de\/stadtfuehrung-eisenach\/wp-json\/wp\/v2\/comments?post=1456"}],"version-history":[{"count":68,"href":"https:\/\/www.inaconrad.de\/stadtfuehrung-eisenach\/wp-json\/wp\/v2\/pages\/1456\/revisions"}],"predecessor-version":[{"id":2392,"href":"https:\/\/www.inaconrad.de\/stadtfuehrung-eisenach\/wp-json\/wp\/v2\/pages\/1456\/revisions\/2392"}],"wp:attachment":[{"href":"https:\/\/www.inaconrad.de\/stadtfuehrung-eisenach\/wp-json\/wp\/v2\/media?parent=1456"}],"curies":[{"name":"wp","href":"https:\/\/api.w.org\/{rel}","templated":true}]}}