{"id":1397,"date":"2018-04-08T11:11:01","date_gmt":"2018-04-08T09:11:01","guid":{"rendered":"http:\/\/www.inaconrad.de\/?page_id=1397"},"modified":"2019-03-28T19:25:37","modified_gmt":"2019-03-28T18:25:37","slug":"musikalisches-eisenach","status":"publish","type":"page","link":"https:\/\/www.inaconrad.de\/stadtfuehrung-eisenach\/musikalisches-eisenach\/","title":{"rendered":"Musikalisches Eisenach"},"content":{"rendered":"<div class=\"wpb-content-wrapper\"><p>[vc_row][vc_column width=&#8220;2\/3&#8243;][mnky_heading title=&#8220;Musikalisches Eisenach &#8211; Luther, Bach und andere Musiker&#8220; heading_tag=&#8220;h4&#8243; font_size=&#8220;22px&#8220; color=&#8220;#a3100b&#8220; line_color=&#8220;#dd9933&#8243;][vc_empty_space][vc_media_grid style=&#8220;lazy&#8220; item=&#8220;mediaGrid_ScaleInWithIcon&#8220; grid_id=&#8220;vc_gid:1528754908650-8ce2f5dd-6d15-8&#8243; include=&#8220;1609,1610,1611&#8243; css=&#8220;.vc_custom_1525008665726{border-top-width: 1px !important;border-right-width: 1px !important;border-bottom-width: 1px !important;border-left-width: 1px !important;padding-top: 5px !important;padding-right: 5px !important;padding-bottom: 5px !important;padding-left: 5px !important;border-left-color: #e2b393 !important;border-left-style: solid !important;border-right-color: #e2b393 !important;border-right-style: solid !important;border-top-color: #e2b393 !important;border-top-style: solid !important;border-bottom-color: #e2b393 !important;border-bottom-style: solid !important;}&#8220;][vc_empty_space][vc_column_text]<\/p>\n<p style=\"text-align: center;\">\u201e In Isenaha ist die Musica zu Haus \u201c<br \/>\noder<br \/>\n\u201e Eisenach, die Wartburgstadt gl\u00e4nzte immer mit Musik \u201c<br \/>\ndiese zwei Zitate zeugen von der gro\u00dfen musikalischen Vergangenheit,<br \/>\ndie die Stadt aufzuweisen hat.<br \/>\nAngefangen bei den Minnes\u00e4ngern auf der Burg und im Steinhof,<br \/>\n\u00fcber Luther, Pachelbel, Bach, Telemann, Liszt, Wagner u.a.m.<\/p>\n<p style=\"text-align: center;\">Aber besonders wird auf die Beziehung Luther &#8211;\u00a0Bach eingegangen,<br \/>\ndenn ohne Luther h\u00e4tte es den Bach so nicht gegeben\u2026\u2026<br \/>\n&#8211; ein bekannter Satz!<br \/>\nLuther und Bach geh\u00f6ren zusammen, obwohl ca. 200 Jahre zwischen ihnen liegen.<\/p>\n<p style=\"text-align: center;\">Sie werden erstaunt sein, wieviel Gemeinsamkeiten dieser gro\u00dfen Pers\u00f6nlichkeiten in Eisenach zu finden sind\u2026\u2026<\/p>\n<p style=\"text-align: center;\">In der Gegenwart kann Eisenach mit dem Industriedenkmal \u201eAlte M\u00e4lzerei\u201c begeistern,<br \/>\nin dem der Jazzclub \u2013 der \u00e4lteste Club Ostdeutschlands &#8211; zu Hause ist.<\/p>\n<h4 style=\"text-align: center;\"><\/h4>\n<p>[\/vc_column_text][vc_empty_space][vc_separator color=&#8220;custom&#8220; style=&#8220;shadow&#8220; accent_color=&#8220;#a3100b&#8220;][vc_column_text]<\/p>\n<p style=\"text-align: center;\">1,5 &#8211; 2 Std. \u2013 100,00 \u20ac\u00a0 \/ Gruppe bis ca. 30 Pers.<\/p>\n<p style=\"text-align: center;\">Bei h\u00f6herer Personenanzahl m\u00f6chte ich Ihnen aus Qualit\u00e4tsgr\u00fcnden empfehlen, dass ich Ihnen eine weitere gut ausgebildete, charmante Stadtf\u00fchrerin \/ Stadtf\u00fchrer buche.<br \/>\nVerl\u00e4ngerungsstunde &#8211; 30,00 \u20ac\u00a0\u00a0\/ Std.<\/p>\n<p>[\/vc_column_text][vc_btn title=&#8220;Anfrage f\u00fcr eine F\u00fchrung.&#8220; style=&#8220;outline-custom&#8220; outline_custom_color=&#8220;#a3100b&#8220; outline_custom_hover_background=&#8220;#666666&#8243; outline_custom_hover_text=&#8220;#ffffff&#8220; shape=&#8220;round&#8220; size=&#8220;lg&#8220; align=&#8220;center&#8220; i_type=&#8220;entypo&#8220; i_icon_entypo=&#8220;entypo-icon entypo-icon-mail&#8220; add_icon=&#8220;true&#8220; link=&#8220;url:mailto%3Aeisenach%40inaconrad.de%3Fsubject%3DMusikalisches%20Eisenach|||&#8220;][\/vc_column][vc_column width=&#8220;1\/6&#8243;][\/vc_column][vc_column width=&#8220;1\/6&#8243;][vc_masonry_media_grid element_width=&#8220;12&#8243; grid_id=&#8220;vc_gid:1528754908652-1beac602-dbd5-5&#8243; include=&#8220;1861,1621,1622,1860,1624&#8243; css=&#8220;.vc_custom_1528755203719{border-top-width: 1px !important;border-right-width: 1px !important;border-bottom-width: 1px !important;border-left-width: 1px !important;padding-top: 10px !important;padding-right: 10px !important;padding-bottom: 10px !important;padding-left: 10px !important;border-left-color: #e2b393 !important;border-left-style: solid !important;border-right-color: #e2b393 !important;border-right-style: solid !important;border-top-color: #e2b393 !important;border-top-style: solid !important;border-bottom-color: #e2b393 !important;border-bottom-style: solid !important;}&#8220;][\/vc_column][\/vc_row]<\/p>\n<\/div>","protected":false},"excerpt":{"rendered":"<p>[vc_row][vc_column width=&#8220;2\/3&#8243;][mnky_heading title=&#8220;Musikalisches Eisenach &#8211; Luther, Bach und andere Musiker&#8220; heading_tag=&#8220;h4&#8243; font_size=&#8220;22px&#8220; color=&#8220;#a3100b&#8220; line_color=&#8220;#dd9933&#8243;][vc_empty_space][vc_media_grid style=&#8220;lazy&#8220; item=&#8220;mediaGrid_ScaleInWithIcon&#8220; grid_id=&#8220;vc_gid:1528754908650-8ce2f5dd-6d15-8&#8243; include=&#8220;1609,1610,1611&#8243; css=&#8220;.vc_custom_1525008665726{border-top-width: 1px &hellip; <\/p>\n","protected":false},"author":1,"featured_media":0,"parent":0,"menu_order":0,"comment_status":"closed","ping_status":"closed","template":"","meta":{"footnotes":""},"class_list":["post-1397","page","type-page","status-publish","hentry"],"yoast_head":"<!-- This site is optimized with the Yoast SEO plugin v27.1.1 - https:\/\/yoast.com\/product\/yoast-seo-wordpress\/ -->\n<title>Musikalisches Eisenach - Stadtf\u00fchrerin Ina Conrad<\/title>\n<meta name=\"robots\" content=\"index, follow, max-snippet:-1, max-image-preview:large, max-video-preview:-1\" \/>\n<link rel=\"canonical\" href=\"https:\/\/www.inaconrad.de\/stadtfuehrung-eisenach\/musikalisches-eisenach\/\" \/>\n<meta property=\"og:locale\" content=\"de_DE\" \/>\n<meta property=\"og:type\" content=\"article\" \/>\n<meta property=\"og:title\" content=\"Musikalisches Eisenach - Stadtf\u00fchrerin Ina Conrad\" \/>\n<meta property=\"og:description\" content=\"[vc_row][vc_column width=&#8220;2\/3&#8243;][mnky_heading title=&#8220;Musikalisches Eisenach &#8211; Luther, Bach und andere Musiker&#8220; heading_tag=&#8220;h4&#8243; font_size=&#8220;22px&#8220; color=&#8220;#a3100b&#8220; line_color=&#8220;#dd9933&#8243;][vc_empty_space][vc_media_grid style=&#8220;lazy&#8220; item=&#8220;mediaGrid_ScaleInWithIcon&#8220; grid_id=&#8220;vc_gid:1528754908650-8ce2f5dd-6d15-8&#8243; include=&#8220;1609,1610,1611&#8243; css=&#8220;.vc_custom_1525008665726{border-top-width: 1px &hellip;\" \/>\n<meta property=\"og:url\" content=\"https:\/\/www.inaconrad.de\/stadtfuehrung-eisenach\/musikalisches-eisenach\/\" \/>\n<meta property=\"og:site_name\" content=\"Stadtf\u00fchrerin Ina Conrad\" \/>\n<meta property=\"article:modified_time\" content=\"2019-03-28T18:25:37+00:00\" \/>\n<meta name=\"twitter:card\" content=\"summary_large_image\" \/>\n<meta name=\"twitter:label1\" content=\"Gesch\u00e4tzte Lesezeit\" \/>\n\t<meta name=\"twitter:data1\" content=\"2\u00a0Minuten\" \/>\n<script type=\"application\/ld+json\" class=\"yoast-schema-graph\">{\"@context\":\"https:\/\/schema.org\",\"@graph\":[{\"@type\":\"WebPage\",\"@id\":\"https:\/\/www.inaconrad.de\/stadtfuehrung-eisenach\/musikalisches-eisenach\/\",\"url\":\"https:\/\/www.inaconrad.de\/stadtfuehrung-eisenach\/musikalisches-eisenach\/\",\"name\":\"Musikalisches Eisenach - Stadtf\u00fchrerin Ina Conrad\",\"isPartOf\":{\"@id\":\"https:\/\/www.inaconrad.de\/stadtfuehrung-eisenach\/#website\"},\"datePublished\":\"2018-04-08T09:11:01+00:00\",\"dateModified\":\"2019-03-28T18:25:37+00:00\",\"breadcrumb\":{\"@id\":\"https:\/\/www.inaconrad.de\/stadtfuehrung-eisenach\/musikalisches-eisenach\/#breadcrumb\"},\"inLanguage\":\"de\",\"potentialAction\":[{\"@type\":\"ReadAction\",\"target\":[\"https:\/\/www.inaconrad.de\/stadtfuehrung-eisenach\/musikalisches-eisenach\/\"]}]},{\"@type\":\"BreadcrumbList\",\"@id\":\"https:\/\/www.inaconrad.de\/stadtfuehrung-eisenach\/musikalisches-eisenach\/#breadcrumb\",\"itemListElement\":[{\"@type\":\"ListItem\",\"position\":1,\"name\":\"Startseite\",\"item\":\"https:\/\/www.inaconrad.de\/stadtfuehrung-eisenach\/\"},{\"@type\":\"ListItem\",\"position\":2,\"name\":\"Musikalisches Eisenach\"}]},{\"@type\":\"WebSite\",\"@id\":\"https:\/\/www.inaconrad.de\/stadtfuehrung-eisenach\/#website\",\"url\":\"https:\/\/www.inaconrad.de\/stadtfuehrung-eisenach\/\",\"name\":\"Stadtf\u00fchrerin Ina Conrad\",\"description\":\"\",\"potentialAction\":[{\"@type\":\"SearchAction\",\"target\":{\"@type\":\"EntryPoint\",\"urlTemplate\":\"https:\/\/www.inaconrad.de\/stadtfuehrung-eisenach\/?s={search_term_string}\"},\"query-input\":{\"@type\":\"PropertyValueSpecification\",\"valueRequired\":true,\"valueName\":\"search_term_string\"}}],\"inLanguage\":\"de\"}]}<\/script>\n<!-- \/ Yoast SEO plugin. -->","yoast_head_json":{"title":"Musikalisches Eisenach - Stadtf\u00fchrerin Ina Conrad","robots":{"index":"index","follow":"follow","max-snippet":"max-snippet:-1","max-image-preview":"max-image-preview:large","max-video-preview":"max-video-preview:-1"},"canonical":"https:\/\/www.inaconrad.de\/stadtfuehrung-eisenach\/musikalisches-eisenach\/","og_locale":"de_DE","og_type":"article","og_title":"Musikalisches Eisenach - Stadtf\u00fchrerin Ina Conrad","og_description":"[vc_row][vc_column width=&#8220;2\/3&#8243;][mnky_heading title=&#8220;Musikalisches Eisenach &#8211; Luther, Bach und andere Musiker&#8220; heading_tag=&#8220;h4&#8243; font_size=&#8220;22px&#8220; color=&#8220;#a3100b&#8220; line_color=&#8220;#dd9933&#8243;][vc_empty_space][vc_media_grid style=&#8220;lazy&#8220; item=&#8220;mediaGrid_ScaleInWithIcon&#8220; grid_id=&#8220;vc_gid:1528754908650-8ce2f5dd-6d15-8&#8243; include=&#8220;1609,1610,1611&#8243; css=&#8220;.vc_custom_1525008665726{border-top-width: 1px &hellip;","og_url":"https:\/\/www.inaconrad.de\/stadtfuehrung-eisenach\/musikalisches-eisenach\/","og_site_name":"Stadtf\u00fchrerin Ina Conrad","article_modified_time":"2019-03-28T18:25:37+00:00","twitter_card":"summary_large_image","twitter_misc":{"Gesch\u00e4tzte Lesezeit":"2\u00a0Minuten"},"schema":{"@context":"https:\/\/schema.org","@graph":[{"@type":"WebPage","@id":"https:\/\/www.inaconrad.de\/stadtfuehrung-eisenach\/musikalisches-eisenach\/","url":"https:\/\/www.inaconrad.de\/stadtfuehrung-eisenach\/musikalisches-eisenach\/","name":"Musikalisches Eisenach - Stadtf\u00fchrerin Ina Conrad","isPartOf":{"@id":"https:\/\/www.inaconrad.de\/stadtfuehrung-eisenach\/#website"},"datePublished":"2018-04-08T09:11:01+00:00","dateModified":"2019-03-28T18:25:37+00:00","breadcrumb":{"@id":"https:\/\/www.inaconrad.de\/stadtfuehrung-eisenach\/musikalisches-eisenach\/#breadcrumb"},"inLanguage":"de","potentialAction":[{"@type":"ReadAction","target":["https:\/\/www.inaconrad.de\/stadtfuehrung-eisenach\/musikalisches-eisenach\/"]}]},{"@type":"BreadcrumbList","@id":"https:\/\/www.inaconrad.de\/stadtfuehrung-eisenach\/musikalisches-eisenach\/#breadcrumb","itemListElement":[{"@type":"ListItem","position":1,"name":"Startseite","item":"https:\/\/www.inaconrad.de\/stadtfuehrung-eisenach\/"},{"@type":"ListItem","position":2,"name":"Musikalisches Eisenach"}]},{"@type":"WebSite","@id":"https:\/\/www.inaconrad.de\/stadtfuehrung-eisenach\/#website","url":"https:\/\/www.inaconrad.de\/stadtfuehrung-eisenach\/","name":"Stadtf\u00fchrerin Ina Conrad","description":"","potentialAction":[{"@type":"SearchAction","target":{"@type":"EntryPoint","urlTemplate":"https:\/\/www.inaconrad.de\/stadtfuehrung-eisenach\/?s={search_term_string}"},"query-input":{"@type":"PropertyValueSpecification","valueRequired":true,"valueName":"search_term_string"}}],"inLanguage":"de"}]}},"_links":{"self":[{"href":"https:\/\/www.inaconrad.de\/stadtfuehrung-eisenach\/wp-json\/wp\/v2\/pages\/1397","targetHints":{"allow":["GET"]}}],"collection":[{"href":"https:\/\/www.inaconrad.de\/stadtfuehrung-eisenach\/wp-json\/wp\/v2\/pages"}],"about":[{"href":"https:\/\/www.inaconrad.de\/stadtfuehrung-eisenach\/wp-json\/wp\/v2\/types\/page"}],"author":[{"embeddable":true,"href":"https:\/\/www.inaconrad.de\/stadtfuehrung-eisenach\/wp-json\/wp\/v2\/users\/1"}],"replies":[{"embeddable":true,"href":"https:\/\/www.inaconrad.de\/stadtfuehrung-eisenach\/wp-json\/wp\/v2\/comments?post=1397"}],"version-history":[{"count":28,"href":"https:\/\/www.inaconrad.de\/stadtfuehrung-eisenach\/wp-json\/wp\/v2\/pages\/1397\/revisions"}],"predecessor-version":[{"id":2202,"href":"https:\/\/www.inaconrad.de\/stadtfuehrung-eisenach\/wp-json\/wp\/v2\/pages\/1397\/revisions\/2202"}],"wp:attachment":[{"href":"https:\/\/www.inaconrad.de\/stadtfuehrung-eisenach\/wp-json\/wp\/v2\/media?parent=1397"}],"curies":[{"name":"wp","href":"https:\/\/api.w.org\/{rel}","templated":true}]}}