{"id":1390,"date":"2018-03-11T14:07:31","date_gmt":"2018-03-11T13:07:31","guid":{"rendered":"http:\/\/www.inaconrad.de\/?page_id=1390"},"modified":"2025-05-16T10:34:41","modified_gmt":"2025-05-16T08:34:41","slug":"villenfuehrung-eisenach","status":"publish","type":"page","link":"https:\/\/www.inaconrad.de\/stadtfuehrung-eisenach\/villenfuehrung-eisenach\/","title":{"rendered":"Villenf\u00fchrung in Eisenach"},"content":{"rendered":"<div class=\"wpb-content-wrapper\"><p>[vc_row][vc_column width=&#8220;2\/3&#8243;][mnky_heading title=&#8220;F\u00fchrung durch das Villenviertel&#8220; heading_tag=&#8220;h4&#8243; font_size=&#8220;22px&#8220; color=&#8220;#a3100b&#8220; line_color=&#8220;#dd9933&#8243;][vc_empty_space][vc_media_grid style=&#8220;lazy&#8220; item=&#8220;mediaGrid_ScaleInWithIcon&#8220; grid_id=&#8220;vc_gid:1528756068517-1ed6cf26-569f-9&#8243; include=&#8220;1411,1628,1666&#8243; css=&#8220;.vc_custom_1525015437048{border-top-width: 1px !important;border-right-width: 1px !important;border-bottom-width: 1px !important;border-left-width: 1px !important;padding-top: 5px !important;padding-right: 5px !important;padding-bottom: 5px !important;padding-left: 5px !important;border-left-color: #e2b393 !important;border-left-style: solid !important;border-right-color: #e2b393 !important;border-right-style: solid !important;border-top-color: #e2b393 !important;border-top-style: solid !important;border-bottom-color: #e2b393 !important;border-bottom-style: solid !important;}&#8220;][vc_empty_space][vc_column_text]<\/p>\n<p style=\"text-align: center;\">Eisenach hat eines der gr\u00f6\u00dften zusammenh\u00e4ngenden Villengebiete der Gr\u00fcnderzeit in Deutschland.<br \/>\nEingebettet in viel Gr\u00fcn kann man die unterschiedlichen Meisterwerke der Architektur bewundern.<br \/>\nNat\u00fcrlich lauschen Sie auch den Geschichten \u00fcber einige fr\u00fchere Bewohner und erfahren so einiges, was sich hinter den ehrw\u00fcrdigen Fassaden zugetragen hat.<\/p>\n<p>[\/vc_column_text][vc_empty_space][vc_separator color=&#8220;custom&#8220; style=&#8220;shadow&#8220; accent_color=&#8220;#a3100b&#8220;][vc_column_text]<\/p>\n<p style=\"text-align: center;\">ca. 2,5 &#8211; 3 Std. \u2013 130,00 \u20ac\u00a0 \/ Gruppe bis ca. 30 Pers.<\/p>\n<p style=\"text-align: center;\">Bei h\u00f6herer Personenanzahl m\u00f6chte ich Ihnen aus Qualit\u00e4tsgr\u00fcnden empfehlen, dass ich Ihnen eine weitere gut ausgebildete, charmante Stadtf\u00fchrerin \/ Stadtf\u00fchrer buche.<br \/>\nVerl\u00e4ngerungsstunde &#8211; 30,00 \u20ac\/ Std.<\/p>\n<p>[\/vc_column_text][vc_btn title=&#8220;Anfrage f\u00fcr eine F\u00fchrung.&#8220; style=&#8220;outline-custom&#8220; outline_custom_color=&#8220;#a3100b&#8220; outline_custom_hover_background=&#8220;#666666&#8243; outline_custom_hover_text=&#8220;#ffffff&#8220; shape=&#8220;round&#8220; size=&#8220;lg&#8220; align=&#8220;center&#8220; i_type=&#8220;entypo&#8220; i_icon_entypo=&#8220;entypo-icon entypo-icon-mail&#8220; add_icon=&#8220;true&#8220; link=&#8220;url:mailto%3Aeisenach%40inaconrad.de%3Fsubject%3DF%C3%BChrung%20durch%20das%20Villenviertel|||&#8220;][vc_separator color=&#8220;custom&#8220; style=&#8220;shadow&#8220; accent_color=&#8220;#a3100b&#8220;][vc_column_text]<\/p>\n<p style=\"text-align: center;\">Diese F\u00fchrung ist auch als Kost\u00fcmf\u00fchrung buchbar.<br \/>\n&#8220; Luise Reuter l\u00e4dt Sie zu einem Spaziergang durch das Villenviertel ein &#8222;<\/p>\n<p>[\/vc_column_text][vc_single_image image=&#8220;1402&#8243; img_size=&#8220;500&#215;334&#8243; alignment=&#8220;center&#8220; style=&#8220;vc_box_shadow_3d&#8220;][vc_column_text]<\/p>\n<p style=\"text-align: center;\">ca. 3 Std. \u2013 150,00 \u20ac\u00a0 \/ Gruppe<\/p>\n<p>[\/vc_column_text][vc_separator color=&#8220;custom&#8220; style=&#8220;shadow&#8220; accent_color=&#8220;#a3100b&#8220;][vc_btn title=&#8220;Anfrage f\u00fcr eine F\u00fchrung.&#8220; style=&#8220;outline-custom&#8220; outline_custom_color=&#8220;#a3100b&#8220; outline_custom_hover_background=&#8220;#666666&#8243; outline_custom_hover_text=&#8220;#ffffff&#8220; shape=&#8220;round&#8220; size=&#8220;lg&#8220; align=&#8220;center&#8220; i_type=&#8220;entypo&#8220; i_icon_entypo=&#8220;entypo-icon entypo-icon-mail&#8220; add_icon=&#8220;true&#8220; link=&#8220;url:mailto%3Aeisenach%40inaconrad.de%3Fsubject%3DKost%C3%BCmf%C3%BChrung%20durch%20das%20Villenviertel|||&#8220;][\/vc_column][vc_column width=&#8220;1\/6&#8243;][\/vc_column][vc_column width=&#8220;1\/6&#8243;][vc_masonry_media_grid element_width=&#8220;12&#8243; grid_id=&#8220;vc_gid:1528756068520-90ee2e7a-5318-6&#8243; include=&#8220;1867,1868,1669,1670,1671&#8243; css=&#8220;.vc_custom_1528756384793{border-top-width: 1px !important;border-right-width: 1px !important;border-bottom-width: 1px !important;border-left-width: 1px !important;padding-top: 10px !important;padding-right: 10px !important;padding-bottom: 10px !important;padding-left: 10px !important;border-left-color: #e2b393 !important;border-left-style: solid !important;border-right-color: #e2b393 !important;border-right-style: solid !important;border-top-color: #e2b393 !important;border-top-style: solid !important;border-bottom-color: #e2b393 !important;border-bottom-style: solid !important;}&#8220;][\/vc_column][\/vc_row]<\/p>\n<\/div>","protected":false},"excerpt":{"rendered":"<p>[vc_row][vc_column width=&#8220;2\/3&#8243;][mnky_heading title=&#8220;F\u00fchrung durch das Villenviertel&#8220; heading_tag=&#8220;h4&#8243; font_size=&#8220;22px&#8220; color=&#8220;#a3100b&#8220; line_color=&#8220;#dd9933&#8243;][vc_empty_space][vc_media_grid style=&#8220;lazy&#8220; item=&#8220;mediaGrid_ScaleInWithIcon&#8220; grid_id=&#8220;vc_gid:1528756068517-1ed6cf26-569f-9&#8243; include=&#8220;1411,1628,1666&#8243; css=&#8220;.vc_custom_1525015437048{border-top-width: 1px !important;border-right-width: 1px !important;border-bottom-width: 1px &hellip; <\/p>\n","protected":false},"author":1,"featured_media":0,"parent":0,"menu_order":0,"comment_status":"closed","ping_status":"closed","template":"","meta":{"footnotes":""},"class_list":["post-1390","page","type-page","status-publish","hentry"],"yoast_head":"<!-- This site is optimized with the Yoast SEO plugin v27.1.1 - https:\/\/yoast.com\/product\/yoast-seo-wordpress\/ -->\n<title>Villenf\u00fchrung in Eisenach - Stadtf\u00fchrerin Ina Conrad<\/title>\n<meta name=\"robots\" content=\"index, follow, max-snippet:-1, max-image-preview:large, max-video-preview:-1\" \/>\n<link rel=\"canonical\" href=\"https:\/\/www.inaconrad.de\/stadtfuehrung-eisenach\/villenfuehrung-eisenach\/\" \/>\n<meta property=\"og:locale\" content=\"de_DE\" \/>\n<meta property=\"og:type\" content=\"article\" \/>\n<meta property=\"og:title\" content=\"Villenf\u00fchrung in Eisenach - Stadtf\u00fchrerin Ina Conrad\" \/>\n<meta property=\"og:description\" content=\"[vc_row][vc_column width=&#8220;2\/3&#8243;][mnky_heading title=&#8220;F\u00fchrung durch das Villenviertel&#8220; heading_tag=&#8220;h4&#8243; font_size=&#8220;22px&#8220; color=&#8220;#a3100b&#8220; line_color=&#8220;#dd9933&#8243;][vc_empty_space][vc_media_grid style=&#8220;lazy&#8220; item=&#8220;mediaGrid_ScaleInWithIcon&#8220; grid_id=&#8220;vc_gid:1528756068517-1ed6cf26-569f-9&#8243; include=&#8220;1411,1628,1666&#8243; css=&#8220;.vc_custom_1525015437048{border-top-width: 1px !important;border-right-width: 1px !important;border-bottom-width: 1px &hellip;\" \/>\n<meta property=\"og:url\" content=\"https:\/\/www.inaconrad.de\/stadtfuehrung-eisenach\/villenfuehrung-eisenach\/\" \/>\n<meta property=\"og:site_name\" content=\"Stadtf\u00fchrerin Ina Conrad\" \/>\n<meta property=\"article:modified_time\" content=\"2025-05-16T08:34:41+00:00\" \/>\n<meta name=\"twitter:card\" content=\"summary_large_image\" \/>\n<meta name=\"twitter:label1\" content=\"Gesch\u00e4tzte Lesezeit\" \/>\n\t<meta name=\"twitter:data1\" content=\"2\u00a0Minuten\" \/>\n<script type=\"application\/ld+json\" class=\"yoast-schema-graph\">{\"@context\":\"https:\/\/schema.org\",\"@graph\":[{\"@type\":\"WebPage\",\"@id\":\"https:\/\/www.inaconrad.de\/stadtfuehrung-eisenach\/villenfuehrung-eisenach\/\",\"url\":\"https:\/\/www.inaconrad.de\/stadtfuehrung-eisenach\/villenfuehrung-eisenach\/\",\"name\":\"Villenf\u00fchrung in Eisenach - Stadtf\u00fchrerin Ina Conrad\",\"isPartOf\":{\"@id\":\"https:\/\/www.inaconrad.de\/stadtfuehrung-eisenach\/#website\"},\"datePublished\":\"2018-03-11T13:07:31+00:00\",\"dateModified\":\"2025-05-16T08:34:41+00:00\",\"breadcrumb\":{\"@id\":\"https:\/\/www.inaconrad.de\/stadtfuehrung-eisenach\/villenfuehrung-eisenach\/#breadcrumb\"},\"inLanguage\":\"de\",\"potentialAction\":[{\"@type\":\"ReadAction\",\"target\":[\"https:\/\/www.inaconrad.de\/stadtfuehrung-eisenach\/villenfuehrung-eisenach\/\"]}]},{\"@type\":\"BreadcrumbList\",\"@id\":\"https:\/\/www.inaconrad.de\/stadtfuehrung-eisenach\/villenfuehrung-eisenach\/#breadcrumb\",\"itemListElement\":[{\"@type\":\"ListItem\",\"position\":1,\"name\":\"Startseite\",\"item\":\"https:\/\/www.inaconrad.de\/stadtfuehrung-eisenach\/\"},{\"@type\":\"ListItem\",\"position\":2,\"name\":\"Villenf\u00fchrung in Eisenach\"}]},{\"@type\":\"WebSite\",\"@id\":\"https:\/\/www.inaconrad.de\/stadtfuehrung-eisenach\/#website\",\"url\":\"https:\/\/www.inaconrad.de\/stadtfuehrung-eisenach\/\",\"name\":\"Stadtf\u00fchrerin Ina Conrad\",\"description\":\"\",\"potentialAction\":[{\"@type\":\"SearchAction\",\"target\":{\"@type\":\"EntryPoint\",\"urlTemplate\":\"https:\/\/www.inaconrad.de\/stadtfuehrung-eisenach\/?s={search_term_string}\"},\"query-input\":{\"@type\":\"PropertyValueSpecification\",\"valueRequired\":true,\"valueName\":\"search_term_string\"}}],\"inLanguage\":\"de\"}]}<\/script>\n<!-- \/ Yoast SEO plugin. -->","yoast_head_json":{"title":"Villenf\u00fchrung in Eisenach - Stadtf\u00fchrerin Ina Conrad","robots":{"index":"index","follow":"follow","max-snippet":"max-snippet:-1","max-image-preview":"max-image-preview:large","max-video-preview":"max-video-preview:-1"},"canonical":"https:\/\/www.inaconrad.de\/stadtfuehrung-eisenach\/villenfuehrung-eisenach\/","og_locale":"de_DE","og_type":"article","og_title":"Villenf\u00fchrung in Eisenach - Stadtf\u00fchrerin Ina Conrad","og_description":"[vc_row][vc_column width=&#8220;2\/3&#8243;][mnky_heading title=&#8220;F\u00fchrung durch das Villenviertel&#8220; heading_tag=&#8220;h4&#8243; font_size=&#8220;22px&#8220; color=&#8220;#a3100b&#8220; line_color=&#8220;#dd9933&#8243;][vc_empty_space][vc_media_grid style=&#8220;lazy&#8220; item=&#8220;mediaGrid_ScaleInWithIcon&#8220; grid_id=&#8220;vc_gid:1528756068517-1ed6cf26-569f-9&#8243; include=&#8220;1411,1628,1666&#8243; css=&#8220;.vc_custom_1525015437048{border-top-width: 1px !important;border-right-width: 1px !important;border-bottom-width: 1px &hellip;","og_url":"https:\/\/www.inaconrad.de\/stadtfuehrung-eisenach\/villenfuehrung-eisenach\/","og_site_name":"Stadtf\u00fchrerin Ina Conrad","article_modified_time":"2025-05-16T08:34:41+00:00","twitter_card":"summary_large_image","twitter_misc":{"Gesch\u00e4tzte Lesezeit":"2\u00a0Minuten"},"schema":{"@context":"https:\/\/schema.org","@graph":[{"@type":"WebPage","@id":"https:\/\/www.inaconrad.de\/stadtfuehrung-eisenach\/villenfuehrung-eisenach\/","url":"https:\/\/www.inaconrad.de\/stadtfuehrung-eisenach\/villenfuehrung-eisenach\/","name":"Villenf\u00fchrung in Eisenach - Stadtf\u00fchrerin Ina Conrad","isPartOf":{"@id":"https:\/\/www.inaconrad.de\/stadtfuehrung-eisenach\/#website"},"datePublished":"2018-03-11T13:07:31+00:00","dateModified":"2025-05-16T08:34:41+00:00","breadcrumb":{"@id":"https:\/\/www.inaconrad.de\/stadtfuehrung-eisenach\/villenfuehrung-eisenach\/#breadcrumb"},"inLanguage":"de","potentialAction":[{"@type":"ReadAction","target":["https:\/\/www.inaconrad.de\/stadtfuehrung-eisenach\/villenfuehrung-eisenach\/"]}]},{"@type":"BreadcrumbList","@id":"https:\/\/www.inaconrad.de\/stadtfuehrung-eisenach\/villenfuehrung-eisenach\/#breadcrumb","itemListElement":[{"@type":"ListItem","position":1,"name":"Startseite","item":"https:\/\/www.inaconrad.de\/stadtfuehrung-eisenach\/"},{"@type":"ListItem","position":2,"name":"Villenf\u00fchrung in Eisenach"}]},{"@type":"WebSite","@id":"https:\/\/www.inaconrad.de\/stadtfuehrung-eisenach\/#website","url":"https:\/\/www.inaconrad.de\/stadtfuehrung-eisenach\/","name":"Stadtf\u00fchrerin Ina Conrad","description":"","potentialAction":[{"@type":"SearchAction","target":{"@type":"EntryPoint","urlTemplate":"https:\/\/www.inaconrad.de\/stadtfuehrung-eisenach\/?s={search_term_string}"},"query-input":{"@type":"PropertyValueSpecification","valueRequired":true,"valueName":"search_term_string"}}],"inLanguage":"de"}]}},"_links":{"self":[{"href":"https:\/\/www.inaconrad.de\/stadtfuehrung-eisenach\/wp-json\/wp\/v2\/pages\/1390","targetHints":{"allow":["GET"]}}],"collection":[{"href":"https:\/\/www.inaconrad.de\/stadtfuehrung-eisenach\/wp-json\/wp\/v2\/pages"}],"about":[{"href":"https:\/\/www.inaconrad.de\/stadtfuehrung-eisenach\/wp-json\/wp\/v2\/types\/page"}],"author":[{"embeddable":true,"href":"https:\/\/www.inaconrad.de\/stadtfuehrung-eisenach\/wp-json\/wp\/v2\/users\/1"}],"replies":[{"embeddable":true,"href":"https:\/\/www.inaconrad.de\/stadtfuehrung-eisenach\/wp-json\/wp\/v2\/comments?post=1390"}],"version-history":[{"count":49,"href":"https:\/\/www.inaconrad.de\/stadtfuehrung-eisenach\/wp-json\/wp\/v2\/pages\/1390\/revisions"}],"predecessor-version":[{"id":2391,"href":"https:\/\/www.inaconrad.de\/stadtfuehrung-eisenach\/wp-json\/wp\/v2\/pages\/1390\/revisions\/2391"}],"wp:attachment":[{"href":"https:\/\/www.inaconrad.de\/stadtfuehrung-eisenach\/wp-json\/wp\/v2\/media?parent=1390"}],"curies":[{"name":"wp","href":"https:\/\/api.w.org\/{rel}","templated":true}]}}