{"id":1226,"date":"2018-02-24T18:00:04","date_gmt":"2018-02-24T17:00:04","guid":{"rendered":"http:\/\/www.inaconrad.de\/?page_id=1226"},"modified":"2025-05-16T10:27:21","modified_gmt":"2025-05-16T08:27:21","slug":"altstadtfuehrung-eisenach","status":"publish","type":"page","link":"https:\/\/www.inaconrad.de\/stadtfuehrung-eisenach\/altstadtfuehrung-eisenach\/","title":{"rendered":"Altstadtf\u00fchrung in Eisenach"},"content":{"rendered":"<div class=\"wpb-content-wrapper\"><p>[vc_row][vc_column width=&#8220;2\/3&#8243;][mnky_heading title=&#8220;Begleiten Sie mich durch die H\u00f6hepunkte der Geschichte von Eisenach&#8220; heading_tag=&#8220;h4&#8243; font_size=&#8220;22px&#8220; color=&#8220;#a3100b&#8220; line_color=&#8220;#dd9933&#8243;][vc_empty_space][vc_media_grid style=&#8220;lazy&#8220; item=&#8220;mediaGrid_ScaleInWithIcon&#8220; css=&#8220;.vc_custom_1528753633885{border-top-width: 1px !important;border-right-width: 1px !important;border-bottom-width: 1px !important;border-left-width: 1px !important;padding-top: 5px !important;padding-right: 5px !important;padding-bottom: 5px !important;padding-left: 5px !important;border-left-color: #e2b393 !important;border-left-style: solid !important;border-right-color: #e2b393 !important;border-right-style: solid !important;border-top-color: #e2b393 !important;border-top-style: solid !important;border-bottom-color: #e2b393 !important;border-bottom-style: solid !important;}&#8220; grid_id=&#8220;vc_gid:1735726275596-ce54e73997b0a15b99d097a45097fc15-4&#8243; include=&#8220;1843,1266,1502&#8243;][vc_empty_space][vc_column_text]<\/p>\n<p style=\"text-align: center;\">In dieser interessanten F\u00fchrung werden Sie \u00fcber die wichtigsten geschichtlichen<br \/>\nEreignisse der Stadt informiert und erfahren, welche historisch bedeutende<br \/>\nPers\u00f6nlichkeiten in Eisenach gewirkt haben.<br \/>\nDenken Sie nur an die Heilige Elisabeth, an Martin Luther, an den gro\u00dfen Musiker<br \/>\nJohann Sebastian Bach aber auch Johann Pachelbel, Georg Philipp Telemann,<br \/>\nJohann Wolfgang von Goethe, Franz Liszt, Richard Wagner, Fritz Reuter, Ernst Abbe<br \/>\nund noch viele andere mehr haben hier ihre Spuren hinterlassen.<\/p>\n<h4 style=\"text-align: center;\">Sie werden erstaunt sein, wie kurzweilig diese F\u00fchrung ist und das gr\u00f6\u00dfte Lob f\u00fcr mich ist, wenn die G\u00e4ste sagen :<br \/>\nAch, schon vorbei ? Schade !<\/h4>\n<p style=\"text-align: center;\">1,5 &#8211; 2 Std. \u2013 100,00 \u20ac \/ Gruppe bis ca. 30 Pers.<\/p>\n<p>[\/vc_column_text][vc_empty_space][vc_separator color=&#8220;custom&#8220; style=&#8220;shadow&#8220; accent_color=&#8220;#a3100b&#8220;][vc_column_text]<\/p>\n<p style=\"text-align: center;\">Bei h\u00f6herer Personenanzahl m\u00f6chte ich Ihnen aus Qualit\u00e4tsgr\u00fcnden empfehlen,<br \/>\ndass ich Ihnen eine weitere gut ausgebildete, charmante Stadtf\u00fchrerin \/ Stadtf\u00fchrer buche.<br \/>\nVerl\u00e4ngerungsstunde &#8211; evtl. verbunden mit Besuchen von Museen &#8211; 30,00 \u20ac\/ Std.[\/vc_column_text][vc_btn title=&#8220;Anfrage f\u00fcr eine F\u00fchrung.&#8220; style=&#8220;outline-custom&#8220; outline_custom_color=&#8220;#a3100b&#8220; outline_custom_hover_background=&#8220;#666666&#8243; outline_custom_hover_text=&#8220;#ffffff&#8220; shape=&#8220;round&#8220; size=&#8220;lg&#8220; align=&#8220;center&#8220; i_type=&#8220;entypo&#8220; i_icon_entypo=&#8220;entypo-icon entypo-icon-mail&#8220; add_icon=&#8220;true&#8220; link=&#8220;url:mailto%3Aeisenach%40inaconrad.de%3Fsubject%3DAltstadtf%C3%BChrung|||&#8220;][\/vc_column][vc_column width=&#8220;1\/6&#8243;][\/vc_column][vc_column width=&#8220;1\/6&#8243;][vc_masonry_media_grid element_width=&#8220;12&#8243; css=&#8220;.vc_custom_1735726310971{border-top-width: 1px !important;border-right-width: 1px !important;border-bottom-width: 1px !important;border-left-width: 1px !important;padding-top: 10px !important;padding-right: 10px !important;padding-bottom: 10px !important;padding-left: 10px !important;border-left-style: solid !important;border-right-style: solid !important;border-top-style: solid !important;border-bottom-style: solid !important;border-color: #e2b393 !important;}&#8220; grid_id=&#8220;vc_gid:1735726275636-94b8b5f93b6aee88f380f3a8dc7b749a-3&#8243; include=&#8220;1757,1505,1506,2317,2318&#8243;][\/vc_column][\/vc_row][vc_row][vc_column][\/vc_column][\/vc_row]<\/p>\n<\/div>","protected":false},"excerpt":{"rendered":"<p>[vc_row][vc_column width=&#8220;2\/3&#8243;][mnky_heading title=&#8220;Begleiten Sie mich durch die H\u00f6hepunkte der Geschichte von Eisenach&#8220; heading_tag=&#8220;h4&#8243; font_size=&#8220;22px&#8220; color=&#8220;#a3100b&#8220; line_color=&#8220;#dd9933&#8243;][vc_empty_space][vc_media_grid style=&#8220;lazy&#8220; item=&#8220;mediaGrid_ScaleInWithIcon&#8220; css=&#8220;.vc_custom_1528753633885{border-top-width: 1px &hellip; <\/p>\n","protected":false},"author":1,"featured_media":0,"parent":0,"menu_order":0,"comment_status":"closed","ping_status":"closed","template":"","meta":{"footnotes":""},"class_list":["post-1226","page","type-page","status-publish","hentry"],"yoast_head":"<!-- This site is optimized with the Yoast SEO plugin v27.1.1 - https:\/\/yoast.com\/product\/yoast-seo-wordpress\/ -->\n<title>Altstadtf\u00fchrung in Eisenach - Stadtf\u00fchrerin Ina Conrad<\/title>\n<meta name=\"robots\" content=\"index, follow, max-snippet:-1, max-image-preview:large, max-video-preview:-1\" \/>\n<link rel=\"canonical\" href=\"https:\/\/www.inaconrad.de\/stadtfuehrung-eisenach\/altstadtfuehrung-eisenach\/\" \/>\n<meta property=\"og:locale\" content=\"de_DE\" \/>\n<meta property=\"og:type\" content=\"article\" \/>\n<meta property=\"og:title\" content=\"Altstadtf\u00fchrung in Eisenach - Stadtf\u00fchrerin Ina Conrad\" \/>\n<meta property=\"og:description\" content=\"[vc_row][vc_column width=&#8220;2\/3&#8243;][mnky_heading title=&#8220;Begleiten Sie mich durch die H\u00f6hepunkte der Geschichte von Eisenach&#8220; heading_tag=&#8220;h4&#8243; font_size=&#8220;22px&#8220; color=&#8220;#a3100b&#8220; line_color=&#8220;#dd9933&#8243;][vc_empty_space][vc_media_grid style=&#8220;lazy&#8220; item=&#8220;mediaGrid_ScaleInWithIcon&#8220; css=&#8220;.vc_custom_1528753633885{border-top-width: 1px &hellip;\" \/>\n<meta property=\"og:url\" content=\"https:\/\/www.inaconrad.de\/stadtfuehrung-eisenach\/altstadtfuehrung-eisenach\/\" \/>\n<meta property=\"og:site_name\" content=\"Stadtf\u00fchrerin Ina Conrad\" \/>\n<meta property=\"article:modified_time\" content=\"2025-05-16T08:27:21+00:00\" \/>\n<meta name=\"twitter:card\" content=\"summary_large_image\" \/>\n<meta name=\"twitter:label1\" content=\"Gesch\u00e4tzte Lesezeit\" \/>\n\t<meta name=\"twitter:data1\" content=\"2\u00a0Minuten\" \/>\n<script type=\"application\/ld+json\" class=\"yoast-schema-graph\">{\"@context\":\"https:\/\/schema.org\",\"@graph\":[{\"@type\":\"WebPage\",\"@id\":\"https:\/\/www.inaconrad.de\/stadtfuehrung-eisenach\/altstadtfuehrung-eisenach\/\",\"url\":\"https:\/\/www.inaconrad.de\/stadtfuehrung-eisenach\/altstadtfuehrung-eisenach\/\",\"name\":\"Altstadtf\u00fchrung in Eisenach - Stadtf\u00fchrerin Ina Conrad\",\"isPartOf\":{\"@id\":\"https:\/\/www.inaconrad.de\/stadtfuehrung-eisenach\/#website\"},\"datePublished\":\"2018-02-24T17:00:04+00:00\",\"dateModified\":\"2025-05-16T08:27:21+00:00\",\"breadcrumb\":{\"@id\":\"https:\/\/www.inaconrad.de\/stadtfuehrung-eisenach\/altstadtfuehrung-eisenach\/#breadcrumb\"},\"inLanguage\":\"de\",\"potentialAction\":[{\"@type\":\"ReadAction\",\"target\":[\"https:\/\/www.inaconrad.de\/stadtfuehrung-eisenach\/altstadtfuehrung-eisenach\/\"]}]},{\"@type\":\"BreadcrumbList\",\"@id\":\"https:\/\/www.inaconrad.de\/stadtfuehrung-eisenach\/altstadtfuehrung-eisenach\/#breadcrumb\",\"itemListElement\":[{\"@type\":\"ListItem\",\"position\":1,\"name\":\"Startseite\",\"item\":\"https:\/\/www.inaconrad.de\/stadtfuehrung-eisenach\/\"},{\"@type\":\"ListItem\",\"position\":2,\"name\":\"Altstadtf\u00fchrung in Eisenach\"}]},{\"@type\":\"WebSite\",\"@id\":\"https:\/\/www.inaconrad.de\/stadtfuehrung-eisenach\/#website\",\"url\":\"https:\/\/www.inaconrad.de\/stadtfuehrung-eisenach\/\",\"name\":\"Stadtf\u00fchrerin Ina Conrad\",\"description\":\"\",\"potentialAction\":[{\"@type\":\"SearchAction\",\"target\":{\"@type\":\"EntryPoint\",\"urlTemplate\":\"https:\/\/www.inaconrad.de\/stadtfuehrung-eisenach\/?s={search_term_string}\"},\"query-input\":{\"@type\":\"PropertyValueSpecification\",\"valueRequired\":true,\"valueName\":\"search_term_string\"}}],\"inLanguage\":\"de\"}]}<\/script>\n<!-- \/ Yoast SEO plugin. -->","yoast_head_json":{"title":"Altstadtf\u00fchrung in Eisenach - Stadtf\u00fchrerin Ina Conrad","robots":{"index":"index","follow":"follow","max-snippet":"max-snippet:-1","max-image-preview":"max-image-preview:large","max-video-preview":"max-video-preview:-1"},"canonical":"https:\/\/www.inaconrad.de\/stadtfuehrung-eisenach\/altstadtfuehrung-eisenach\/","og_locale":"de_DE","og_type":"article","og_title":"Altstadtf\u00fchrung in Eisenach - Stadtf\u00fchrerin Ina Conrad","og_description":"[vc_row][vc_column width=&#8220;2\/3&#8243;][mnky_heading title=&#8220;Begleiten Sie mich durch die H\u00f6hepunkte der Geschichte von Eisenach&#8220; heading_tag=&#8220;h4&#8243; font_size=&#8220;22px&#8220; color=&#8220;#a3100b&#8220; line_color=&#8220;#dd9933&#8243;][vc_empty_space][vc_media_grid style=&#8220;lazy&#8220; item=&#8220;mediaGrid_ScaleInWithIcon&#8220; css=&#8220;.vc_custom_1528753633885{border-top-width: 1px &hellip;","og_url":"https:\/\/www.inaconrad.de\/stadtfuehrung-eisenach\/altstadtfuehrung-eisenach\/","og_site_name":"Stadtf\u00fchrerin Ina Conrad","article_modified_time":"2025-05-16T08:27:21+00:00","twitter_card":"summary_large_image","twitter_misc":{"Gesch\u00e4tzte Lesezeit":"2\u00a0Minuten"},"schema":{"@context":"https:\/\/schema.org","@graph":[{"@type":"WebPage","@id":"https:\/\/www.inaconrad.de\/stadtfuehrung-eisenach\/altstadtfuehrung-eisenach\/","url":"https:\/\/www.inaconrad.de\/stadtfuehrung-eisenach\/altstadtfuehrung-eisenach\/","name":"Altstadtf\u00fchrung in Eisenach - Stadtf\u00fchrerin Ina Conrad","isPartOf":{"@id":"https:\/\/www.inaconrad.de\/stadtfuehrung-eisenach\/#website"},"datePublished":"2018-02-24T17:00:04+00:00","dateModified":"2025-05-16T08:27:21+00:00","breadcrumb":{"@id":"https:\/\/www.inaconrad.de\/stadtfuehrung-eisenach\/altstadtfuehrung-eisenach\/#breadcrumb"},"inLanguage":"de","potentialAction":[{"@type":"ReadAction","target":["https:\/\/www.inaconrad.de\/stadtfuehrung-eisenach\/altstadtfuehrung-eisenach\/"]}]},{"@type":"BreadcrumbList","@id":"https:\/\/www.inaconrad.de\/stadtfuehrung-eisenach\/altstadtfuehrung-eisenach\/#breadcrumb","itemListElement":[{"@type":"ListItem","position":1,"name":"Startseite","item":"https:\/\/www.inaconrad.de\/stadtfuehrung-eisenach\/"},{"@type":"ListItem","position":2,"name":"Altstadtf\u00fchrung in Eisenach"}]},{"@type":"WebSite","@id":"https:\/\/www.inaconrad.de\/stadtfuehrung-eisenach\/#website","url":"https:\/\/www.inaconrad.de\/stadtfuehrung-eisenach\/","name":"Stadtf\u00fchrerin Ina Conrad","description":"","potentialAction":[{"@type":"SearchAction","target":{"@type":"EntryPoint","urlTemplate":"https:\/\/www.inaconrad.de\/stadtfuehrung-eisenach\/?s={search_term_string}"},"query-input":{"@type":"PropertyValueSpecification","valueRequired":true,"valueName":"search_term_string"}}],"inLanguage":"de"}]}},"_links":{"self":[{"href":"https:\/\/www.inaconrad.de\/stadtfuehrung-eisenach\/wp-json\/wp\/v2\/pages\/1226","targetHints":{"allow":["GET"]}}],"collection":[{"href":"https:\/\/www.inaconrad.de\/stadtfuehrung-eisenach\/wp-json\/wp\/v2\/pages"}],"about":[{"href":"https:\/\/www.inaconrad.de\/stadtfuehrung-eisenach\/wp-json\/wp\/v2\/types\/page"}],"author":[{"embeddable":true,"href":"https:\/\/www.inaconrad.de\/stadtfuehrung-eisenach\/wp-json\/wp\/v2\/users\/1"}],"replies":[{"embeddable":true,"href":"https:\/\/www.inaconrad.de\/stadtfuehrung-eisenach\/wp-json\/wp\/v2\/comments?post=1226"}],"version-history":[{"count":153,"href":"https:\/\/www.inaconrad.de\/stadtfuehrung-eisenach\/wp-json\/wp\/v2\/pages\/1226\/revisions"}],"predecessor-version":[{"id":2390,"href":"https:\/\/www.inaconrad.de\/stadtfuehrung-eisenach\/wp-json\/wp\/v2\/pages\/1226\/revisions\/2390"}],"wp:attachment":[{"href":"https:\/\/www.inaconrad.de\/stadtfuehrung-eisenach\/wp-json\/wp\/v2\/media?parent=1226"}],"curies":[{"name":"wp","href":"https:\/\/api.w.org\/{rel}","templated":true}]}}